{"id":1133,"date":"2021-04-10T12:05:08","date_gmt":"2021-04-10T10:05:08","guid":{"rendered":"https:\/\/sigtuna.vansterpartiet.se\/?page_id=1133"},"modified":"2025-03-11T19:48:57","modified_gmt":"2025-03-11T18:48:57","slug":"ratt-att-leva-rad-att-bo","status":"publish","type":"page","link":"https:\/\/sigtuna.vansterpartiet.se\/?page_id=1133","title":{"rendered":"R\u00e4tt att leva &#8211; r\u00e5d att bo!"},"content":{"rendered":"<p><strong>Vi bor i en av Sveriges mest tr\u00e5ngbodda kommuner. Boendet \u00e4r viktigt f\u00f6r att vi ska kunna leva v\u00e5ra liv som vi vill. F\u00f6r unga vuxna som vill flytta hemifr\u00e5n, f\u00f6r paret som vill flytta ihop, f\u00f6r familjen som v\u00e4ntar barn, f\u00f6r den som vill bryta upp ur sitt f\u00f6rh\u00e5llande och f\u00f6r den vars barn har flyttat ut &#8211; att hitta ett boende som fungerar f\u00f6r livssituationen \u00e4r att kunna leva fritt.<\/strong><\/p>\n<p>D\u00e4rf\u00f6r vill V\u00e4nsterpartiet att kommunen ska bygga fler h\u00e5llbara hyresr\u00e4tter med rimliga hyror. Det h\u00e4r vill inte de h\u00f6gerpartier som idag styr Sigtuna. De s\u00e4ger att de vill ha fler h\u00f6ginkomsttagare i kommunen eftersom rika m\u00e4nniskor betalar mer skatt.\u00a0 D\u00e4rf\u00f6r vill de anv\u00e4nda SigtunaHem f\u00f6r att bygga hyresr\u00e4tter och radhus, och omvandla befintliga hyresr\u00e4tter till bostadsr\u00e4tter.<\/p>\n<p><a href=\"https:\/\/sigtuna.vansterpartiet.se\/files\/2021\/05\/Bild1.jpg\"><img loading=\"lazy\" decoding=\"async\" src=\"https:\/\/sigtuna.vansterpartiet.se\/files\/2021\/05\/Bild1-300x253.jpg\" alt=\"\" width=\"300\" height=\"253\" \/><\/a><\/p>\n<p>B\u00e5de grundlagen och Agenda 2030 s\u00e4ger att det \u00e4r det allm\u00e4nnas uppgift att se till att alla har en bra bostad. Politikerna har allts\u00e5 ett ansvar f\u00f6r bostadsf\u00f6rs\u00f6rjning som st\u00e5r med i grundlagen. Det h\u00f6gerpartierna g\u00f6r i Sigtuna kommun \u00e4r skamligt. D\u00e4rf\u00f6r genomf\u00f6r vi nu en bostadskampanj i kommunen och lovar att vi aldrig kommer sluta k\u00e4mpa f\u00f6r allas r\u00e4tt till ett gott boende &#8211; oavsett inkomst.<\/p>\n<p><a href=\"https:\/\/lagen.nu\/1974:152\"><img loading=\"lazy\" decoding=\"async\" src=\"https:\/\/sigtuna.vansterpartiet.se\/files\/2021\/05\/Bild2.png\" alt=\"\" width=\"787\" height=\"286\" \/>https:\/\/lagen.nu\/1974:152<\/a><\/p>\n<p>&nbsp;<\/p>\n<h4><a href=\"https:\/\/sigtuna.vansterpartiet.se\/ratt-att-leva-rad-att-bo\/sigtunahem-ska-inte-ge-pengar-till-kommunen\/\">SigtunaHem ska inte ge pengar till kommunen<\/a><\/h4>\n<h4><a href=\"https:\/\/sigtuna.vansterpartiet.se\/ratt-att-leva-rad-att-bo\/sigtuna-ar-sveriges-fjarde-mest-trangbodda-kommun\/\">Sigtuna \u00e4r Sveriges fj\u00e4rde mest tr\u00e5ngbodda kommun<\/a><\/h4>\n","protected":false},"excerpt":{"rendered":"<p>Vi bor i en av Sveriges mest tr\u00e5ngbodda kommuner. Boendet \u00e4r viktigt f\u00f6r att vi ska kunna leva v\u00e5ra liv som vi vill. F\u00f6r unga vuxna som vill flytta hemifr\u00e5n, [&hellip;]<\/p>\n","protected":false},"author":274,"featured_media":0,"parent":0,"menu_order":0,"comment_status":"closed","ping_status":"closed","template":"","meta":{"_acf_changed":false,"footnotes":""},"class_list":["post-1133","page","type-page","status-publish","hentry"],"acf":[],"yoast_head":"<!-- This site is optimized with the Yoast SEO plugin v27.4 - https:\/\/yoast.com\/product\/yoast-seo-wordpress\/ -->\n<title>R\u00e4tt att leva - r\u00e5d att bo! - V\u00e4nsterpartiet M\u00e4rsta-Sigtuna<\/title>\n<meta name=\"robots\" content=\"index, follow, max-snippet:-1, max-image-preview:large, max-video-preview:-1\" \/>\n<link rel=\"canonical\" href=\"https:\/\/sigtuna.vansterpartiet.se\/?page_id=1133\" \/>\n<meta property=\"og:locale\" content=\"sv_SE\" \/>\n<meta property=\"og:type\" content=\"article\" \/>\n<meta property=\"og:title\" content=\"R\u00e4tt att leva - r\u00e5d att bo! - V\u00e4nsterpartiet M\u00e4rsta-Sigtuna\" \/>\n<meta property=\"og:description\" content=\"Vi bor i en av Sveriges mest tr\u00e5ngbodda kommuner. Boendet \u00e4r viktigt f\u00f6r att vi ska kunna leva v\u00e5ra liv som vi vill. F\u00f6r unga vuxna som vill flytta hemifr\u00e5n, [&hellip;]\" \/>\n<meta property=\"og:url\" content=\"https:\/\/sigtuna.vansterpartiet.se\/?page_id=1133\" \/>\n<meta property=\"og:site_name\" content=\"V\u00e4nsterpartiet M\u00e4rsta-Sigtuna\" \/>\n<meta property=\"article:modified_time\" content=\"2025-03-11T18:48:57+00:00\" \/>\n<meta property=\"og:image\" content=\"https:\/\/sigtuna.vansterpartiet.se\/files\/2021\/05\/Bild1-300x253.jpg\" \/>\n<meta name=\"twitter:card\" content=\"summary_large_image\" \/>\n<meta name=\"twitter:label1\" content=\"Ber\u00e4knad l\u00e4stid\" \/>\n\t<meta name=\"twitter:data1\" content=\"1 minut\" \/>\n<script type=\"application\/ld+json\" class=\"yoast-schema-graph\">{\"@context\":\"https:\\\/\\\/schema.org\",\"@graph\":[{\"@type\":\"WebPage\",\"@id\":\"https:\\\/\\\/sigtuna.vansterpartiet.se\\\/?page_id=1133\",\"url\":\"https:\\\/\\\/sigtuna.vansterpartiet.se\\\/?page_id=1133\",\"name\":\"R\u00e4tt att leva - r\u00e5d att bo! - V\u00e4nsterpartiet M\u00e4rsta-Sigtuna\",\"isPartOf\":{\"@id\":\"https:\\\/\\\/sigtuna.vansterpartiet.se\\\/#website\"},\"primaryImageOfPage\":{\"@id\":\"https:\\\/\\\/sigtuna.vansterpartiet.se\\\/?page_id=1133#primaryimage\"},\"image\":{\"@id\":\"https:\\\/\\\/sigtuna.vansterpartiet.se\\\/?page_id=1133#primaryimage\"},\"thumbnailUrl\":\"https:\\\/\\\/sigtuna.vansterpartiet.se\\\/files\\\/2021\\\/05\\\/Bild1-300x253.jpg\",\"datePublished\":\"2021-04-10T10:05:08+00:00\",\"dateModified\":\"2025-03-11T18:48:57+00:00\",\"breadcrumb\":{\"@id\":\"https:\\\/\\\/sigtuna.vansterpartiet.se\\\/?page_id=1133#breadcrumb\"},\"inLanguage\":\"sv-SE\",\"potentialAction\":[{\"@type\":\"ReadAction\",\"target\":[\"https:\\\/\\\/sigtuna.vansterpartiet.se\\\/?page_id=1133\"]}]},{\"@type\":\"ImageObject\",\"inLanguage\":\"sv-SE\",\"@id\":\"https:\\\/\\\/sigtuna.vansterpartiet.se\\\/?page_id=1133#primaryimage\",\"url\":\"https:\\\/\\\/sigtuna.vansterpartiet.se\\\/files\\\/2021\\\/05\\\/Bild1-300x253.jpg\",\"contentUrl\":\"https:\\\/\\\/sigtuna.vansterpartiet.se\\\/files\\\/2021\\\/05\\\/Bild1-300x253.jpg\"},{\"@type\":\"BreadcrumbList\",\"@id\":\"https:\\\/\\\/sigtuna.vansterpartiet.se\\\/?page_id=1133#breadcrumb\",\"itemListElement\":[{\"@type\":\"ListItem\",\"position\":1,\"name\":\"Hem\",\"item\":\"https:\\\/\\\/sigtuna.vansterpartiet.se\\\/\"},{\"@type\":\"ListItem\",\"position\":2,\"name\":\"R\u00e4tt att leva &#8211; r\u00e5d att bo!\"}]},{\"@type\":\"WebSite\",\"@id\":\"https:\\\/\\\/sigtuna.vansterpartiet.se\\\/#website\",\"url\":\"https:\\\/\\\/sigtuna.vansterpartiet.se\\\/\",\"name\":\"V\u00e4nsterpartiet M\u00e4rsta-Sigtuna\",\"description\":\"#SigtunaKommunF\u00f6rAlla\",\"potentialAction\":[{\"@type\":\"SearchAction\",\"target\":{\"@type\":\"EntryPoint\",\"urlTemplate\":\"https:\\\/\\\/sigtuna.vansterpartiet.se\\\/?s={search_term_string}\"},\"query-input\":{\"@type\":\"PropertyValueSpecification\",\"valueRequired\":true,\"valueName\":\"search_term_string\"}}],\"inLanguage\":\"sv-SE\"}]}<\/script>\n<!-- \/ Yoast SEO plugin. -->","yoast_head_json":{"title":"R\u00e4tt att leva - r\u00e5d att bo! - V\u00e4nsterpartiet M\u00e4rsta-Sigtuna","robots":{"index":"index","follow":"follow","max-snippet":"max-snippet:-1","max-image-preview":"max-image-preview:large","max-video-preview":"max-video-preview:-1"},"canonical":"https:\/\/sigtuna.vansterpartiet.se\/?page_id=1133","og_locale":"sv_SE","og_type":"article","og_title":"R\u00e4tt att leva - r\u00e5d att bo! - V\u00e4nsterpartiet M\u00e4rsta-Sigtuna","og_description":"Vi bor i en av Sveriges mest tr\u00e5ngbodda kommuner. Boendet \u00e4r viktigt f\u00f6r att vi ska kunna leva v\u00e5ra liv som vi vill. F\u00f6r unga vuxna som vill flytta hemifr\u00e5n, [&hellip;]","og_url":"https:\/\/sigtuna.vansterpartiet.se\/?page_id=1133","og_site_name":"V\u00e4nsterpartiet M\u00e4rsta-Sigtuna","article_modified_time":"2025-03-11T18:48:57+00:00","og_image":[{"url":"https:\/\/sigtuna.vansterpartiet.se\/files\/2021\/05\/Bild1-300x253.jpg","type":"","width":"","height":""}],"twitter_card":"summary_large_image","twitter_misc":{"Ber\u00e4knad l\u00e4stid":"1 minut"},"schema":{"@context":"https:\/\/schema.org","@graph":[{"@type":"WebPage","@id":"https:\/\/sigtuna.vansterpartiet.se\/?page_id=1133","url":"https:\/\/sigtuna.vansterpartiet.se\/?page_id=1133","name":"R\u00e4tt att leva - r\u00e5d att bo! - V\u00e4nsterpartiet M\u00e4rsta-Sigtuna","isPartOf":{"@id":"https:\/\/sigtuna.vansterpartiet.se\/#website"},"primaryImageOfPage":{"@id":"https:\/\/sigtuna.vansterpartiet.se\/?page_id=1133#primaryimage"},"image":{"@id":"https:\/\/sigtuna.vansterpartiet.se\/?page_id=1133#primaryimage"},"thumbnailUrl":"https:\/\/sigtuna.vansterpartiet.se\/files\/2021\/05\/Bild1-300x253.jpg","datePublished":"2021-04-10T10:05:08+00:00","dateModified":"2025-03-11T18:48:57+00:00","breadcrumb":{"@id":"https:\/\/sigtuna.vansterpartiet.se\/?page_id=1133#breadcrumb"},"inLanguage":"sv-SE","potentialAction":[{"@type":"ReadAction","target":["https:\/\/sigtuna.vansterpartiet.se\/?page_id=1133"]}]},{"@type":"ImageObject","inLanguage":"sv-SE","@id":"https:\/\/sigtuna.vansterpartiet.se\/?page_id=1133#primaryimage","url":"https:\/\/sigtuna.vansterpartiet.se\/files\/2021\/05\/Bild1-300x253.jpg","contentUrl":"https:\/\/sigtuna.vansterpartiet.se\/files\/2021\/05\/Bild1-300x253.jpg"},{"@type":"BreadcrumbList","@id":"https:\/\/sigtuna.vansterpartiet.se\/?page_id=1133#breadcrumb","itemListElement":[{"@type":"ListItem","position":1,"name":"Hem","item":"https:\/\/sigtuna.vansterpartiet.se\/"},{"@type":"ListItem","position":2,"name":"R\u00e4tt att leva &#8211; r\u00e5d att bo!"}]},{"@type":"WebSite","@id":"https:\/\/sigtuna.vansterpartiet.se\/#website","url":"https:\/\/sigtuna.vansterpartiet.se\/","name":"V\u00e4nsterpartiet M\u00e4rsta-Sigtuna","description":"#SigtunaKommunF\u00f6rAlla","potentialAction":[{"@type":"SearchAction","target":{"@type":"EntryPoint","urlTemplate":"https:\/\/sigtuna.vansterpartiet.se\/?s={search_term_string}"},"query-input":{"@type":"PropertyValueSpecification","valueRequired":true,"valueName":"search_term_string"}}],"inLanguage":"sv-SE"}]}},"_links":{"self":[{"href":"https:\/\/sigtuna.vansterpartiet.se\/index.php?rest_route=\/wp\/v2\/pages\/1133","targetHints":{"allow":["GET"]}}],"collection":[{"href":"https:\/\/sigtuna.vansterpartiet.se\/index.php?rest_route=\/wp\/v2\/pages"}],"about":[{"href":"https:\/\/sigtuna.vansterpartiet.se\/index.php?rest_route=\/wp\/v2\/types\/page"}],"author":[{"embeddable":true,"href":"https:\/\/sigtuna.vansterpartiet.se\/index.php?rest_route=\/wp\/v2\/users\/274"}],"replies":[{"embeddable":true,"href":"https:\/\/sigtuna.vansterpartiet.se\/index.php?rest_route=%2Fwp%2Fv2%2Fcomments&post=1133"}],"version-history":[{"count":10,"href":"https:\/\/sigtuna.vansterpartiet.se\/index.php?rest_route=\/wp\/v2\/pages\/1133\/revisions"}],"predecessor-version":[{"id":1269,"href":"https:\/\/sigtuna.vansterpartiet.se\/index.php?rest_route=\/wp\/v2\/pages\/1133\/revisions\/1269"}],"wp:attachment":[{"href":"https:\/\/sigtuna.vansterpartiet.se\/index.php?rest_route=%2Fwp%2Fv2%2Fmedia&parent=1133"}],"curies":[{"name":"wp","href":"https:\/\/api.w.org\/{rel}","templated":true}]}}