{"id":1372,"date":"2026-01-30T11:37:17","date_gmt":"2026-01-30T10:37:17","guid":{"rendered":"https:\/\/sigtuna.vansterpartiet.se\/?page_id=1372"},"modified":"2026-02-27T18:05:08","modified_gmt":"2026-02-27T17:05:08","slug":"om-oss","status":"publish","type":"page","link":"https:\/\/sigtuna.vansterpartiet.se\/?page_id=1372","title":{"rendered":"Om oss!"},"content":{"rendered":"<p><a href=\"https:\/\/sigtuna.vansterpartiet.se\/files\/2026\/02\/626338342_1323001679858377_2696847346849677362_n.jpg\"><img loading=\"lazy\" decoding=\"async\" class=\"wp-image-1468 alignleft\" src=\"https:\/\/sigtuna.vansterpartiet.se\/files\/2026\/02\/626338342_1323001679858377_2696847346849677362_n.jpg\" alt=\"\" width=\"368\" height=\"245\" srcset=\"https:\/\/sigtuna.vansterpartiet.se\/files\/2026\/02\/626338342_1323001679858377_2696847346849677362_n.jpg 960w, https:\/\/sigtuna.vansterpartiet.se\/files\/2026\/02\/626338342_1323001679858377_2696847346849677362_n-300x200.jpg 300w, https:\/\/sigtuna.vansterpartiet.se\/files\/2026\/02\/626338342_1323001679858377_2696847346849677362_n-768x512.jpg 768w\" sizes=\"(max-width: 368px) 100vw, 368px\" \/><\/a>V\u00e4nsterpartiet M\u00e4rsta-Sigtuna \u00e4r en lokal partif\u00f6rening som arbetar f\u00f6r ett j\u00e4mlikt, solidariskt och h\u00e5llbart samh\u00e4lle. Vi utg\u00e5r fr\u00e5n socialistiska, feministiska och ekologiska v\u00e4rderingar och driver politik som s\u00e4tter m\u00e4nniskors behov f\u00f6re vinstintressen.<\/p>\n<p>V\u00e5r utg\u00e5ngspunkt \u00e4r enkel: v\u00e4lf\u00e4rden ska finnas f\u00f6r alla och h\u00e5lla h\u00f6g kvalitet, oavsett pl\u00e5nbok eller bakgrund.<\/p>\n<p>Vi vill se trygga anst\u00e4llningar, rimliga arbetsvillkor och en kommun som tar ansvar f\u00f6r b\u00e5de sina inv\u00e5nare och sin personal.<\/p>\n<p>I M\u00e4rsta-Sigtuna arbetar vi f\u00f6r minskade klyftor och \u00f6kad trygghet. Det handlar om r\u00e4tten till ett bra boende med rimliga hyror, om en skola d\u00e4r varje barn f\u00e5r st\u00f6d och f\u00f6ruts\u00e4ttningar att lyckas, och om en \u00e4ldreomsorg som pr\u00e4glas av v\u00e4rdighet och kontinuitet. Vi vill ocks\u00e5 att kommunen tar ett tydligt ansvar i klimatomst\u00e4llningen och utvecklas p\u00e5 ett s\u00e4tt som \u00e4r l\u00e5ngsiktigt h\u00e5llbart \u2013 socialt, ekonomiskt och milj\u00f6m\u00e4ssigt.<\/p>\n<p><a href=\"https:\/\/sigtuna.vansterpartiet.se\/files\/2025\/03\/IMG_4250.jpeg\"><img loading=\"lazy\" decoding=\"async\" class=\"size-medium wp-image-1299 alignright\" src=\"https:\/\/sigtuna.vansterpartiet.se\/files\/2025\/03\/IMG_4250-300x200.jpeg\" alt=\"\" width=\"300\" height=\"200\" srcset=\"https:\/\/sigtuna.vansterpartiet.se\/files\/2025\/03\/IMG_4250-300x200.jpeg 300w, https:\/\/sigtuna.vansterpartiet.se\/files\/2025\/03\/IMG_4250-1024x683.jpeg 1024w, https:\/\/sigtuna.vansterpartiet.se\/files\/2025\/03\/IMG_4250-768x512.jpeg 768w, https:\/\/sigtuna.vansterpartiet.se\/files\/2025\/03\/IMG_4250-1536x1024.jpeg 1536w, https:\/\/sigtuna.vansterpartiet.se\/files\/2025\/03\/IMG_4250.jpeg 1680w\" sizes=\"(max-width: 300px) 100vw, 300px\" \/><\/a>F\u00f6r oss \u00e4r lokalpolitik n\u00e4ra m\u00e4nniskors vardag. Genom debattartiklar, sociala medier och samtal med inv\u00e5nare lyfter vi fr\u00e5gor som ber\u00f6r livet i kommunen h\u00e4r och nu.<\/p>\n<p>Vi st\u00e5r upp f\u00f6r \u00f6ppenhet, dialog och tydliga politiska alternativ. Politik ska vara begriplig och m\u00f6jlig att p\u00e5verka.<\/p>\n<p>V\u00e4nsterpartiet M\u00e4rsta-Sigtuna vill se ett r\u00e4ttvist samh\u00e4lle!<\/p>\n<p>Oavsett om du vill engagera dig aktivt, bidra med id\u00e9er eller bara f\u00f6lja v\u00e5rt arbete \u00e4r du varmt v\u00e4lkommen.<\/p>\n<p>Tillsammans kan vi g\u00f6ra skillnad \u2013 lokalt och l\u00e5ngsiktigt.<\/p>\n<p>&nbsp;<\/p>\n","protected":false},"excerpt":{"rendered":"<p>V\u00e4nsterpartiet M\u00e4rsta-Sigtuna \u00e4r en lokal partif\u00f6rening som arbetar f\u00f6r ett j\u00e4mlikt, solidariskt och h\u00e5llbart samh\u00e4lle. Vi utg\u00e5r fr\u00e5n socialistiska, feministiska och ekologiska v\u00e4rderingar och driver politik som s\u00e4tter m\u00e4nniskors behov [&hellip;]<\/p>\n","protected":false},"author":1873,"featured_media":0,"parent":0,"menu_order":0,"comment_status":"closed","ping_status":"closed","template":"","meta":{"_acf_changed":false,"footnotes":""},"class_list":["post-1372","page","type-page","status-publish","hentry"],"acf":[],"yoast_head":"<!-- This site is optimized with the Yoast SEO plugin v27.4 - https:\/\/yoast.com\/product\/yoast-seo-wordpress\/ -->\n<title>Om oss! - V\u00e4nsterpartiet M\u00e4rsta-Sigtuna<\/title>\n<meta name=\"robots\" content=\"index, follow, max-snippet:-1, max-image-preview:large, max-video-preview:-1\" \/>\n<link rel=\"canonical\" href=\"https:\/\/sigtuna.vansterpartiet.se\/?page_id=1372\" \/>\n<meta property=\"og:locale\" content=\"sv_SE\" \/>\n<meta property=\"og:type\" content=\"article\" \/>\n<meta property=\"og:title\" content=\"Om oss! - V\u00e4nsterpartiet M\u00e4rsta-Sigtuna\" \/>\n<meta property=\"og:description\" content=\"V\u00e4nsterpartiet M\u00e4rsta-Sigtuna \u00e4r en lokal partif\u00f6rening som arbetar f\u00f6r ett j\u00e4mlikt, solidariskt och h\u00e5llbart samh\u00e4lle. Vi utg\u00e5r fr\u00e5n socialistiska, feministiska och ekologiska v\u00e4rderingar och driver politik som s\u00e4tter m\u00e4nniskors behov [&hellip;]\" \/>\n<meta property=\"og:url\" content=\"https:\/\/sigtuna.vansterpartiet.se\/?page_id=1372\" \/>\n<meta property=\"og:site_name\" content=\"V\u00e4nsterpartiet M\u00e4rsta-Sigtuna\" \/>\n<meta property=\"article:modified_time\" content=\"2026-02-27T17:05:08+00:00\" \/>\n<meta property=\"og:image\" content=\"https:\/\/sigtuna.vansterpartiet.se\/files\/2026\/02\/626338342_1323001679858377_2696847346849677362_n.jpg\" \/>\n\t<meta property=\"og:image:width\" content=\"960\" \/>\n\t<meta property=\"og:image:height\" content=\"640\" \/>\n\t<meta property=\"og:image:type\" content=\"image\/jpeg\" \/>\n<meta name=\"twitter:card\" content=\"summary_large_image\" \/>\n<meta name=\"twitter:label1\" content=\"Ber\u00e4knad l\u00e4stid\" \/>\n\t<meta name=\"twitter:data1\" content=\"2 minuter\" \/>\n<script type=\"application\/ld+json\" class=\"yoast-schema-graph\">{\"@context\":\"https:\\\/\\\/schema.org\",\"@graph\":[{\"@type\":\"WebPage\",\"@id\":\"https:\\\/\\\/sigtuna.vansterpartiet.se\\\/?page_id=1372\",\"url\":\"https:\\\/\\\/sigtuna.vansterpartiet.se\\\/?page_id=1372\",\"name\":\"Om oss! - V\u00e4nsterpartiet M\u00e4rsta-Sigtuna\",\"isPartOf\":{\"@id\":\"https:\\\/\\\/sigtuna.vansterpartiet.se\\\/#website\"},\"primaryImageOfPage\":{\"@id\":\"https:\\\/\\\/sigtuna.vansterpartiet.se\\\/?page_id=1372#primaryimage\"},\"image\":{\"@id\":\"https:\\\/\\\/sigtuna.vansterpartiet.se\\\/?page_id=1372#primaryimage\"},\"thumbnailUrl\":\"https:\\\/\\\/sigtuna.vansterpartiet.se\\\/files\\\/2026\\\/02\\\/626338342_1323001679858377_2696847346849677362_n.jpg\",\"datePublished\":\"2026-01-30T10:37:17+00:00\",\"dateModified\":\"2026-02-27T17:05:08+00:00\",\"breadcrumb\":{\"@id\":\"https:\\\/\\\/sigtuna.vansterpartiet.se\\\/?page_id=1372#breadcrumb\"},\"inLanguage\":\"sv-SE\",\"potentialAction\":[{\"@type\":\"ReadAction\",\"target\":[\"https:\\\/\\\/sigtuna.vansterpartiet.se\\\/?page_id=1372\"]}]},{\"@type\":\"ImageObject\",\"inLanguage\":\"sv-SE\",\"@id\":\"https:\\\/\\\/sigtuna.vansterpartiet.se\\\/?page_id=1372#primaryimage\",\"url\":\"https:\\\/\\\/sigtuna.vansterpartiet.se\\\/files\\\/2026\\\/02\\\/626338342_1323001679858377_2696847346849677362_n.jpg\",\"contentUrl\":\"https:\\\/\\\/sigtuna.vansterpartiet.se\\\/files\\\/2026\\\/02\\\/626338342_1323001679858377_2696847346849677362_n.jpg\"},{\"@type\":\"BreadcrumbList\",\"@id\":\"https:\\\/\\\/sigtuna.vansterpartiet.se\\\/?page_id=1372#breadcrumb\",\"itemListElement\":[{\"@type\":\"ListItem\",\"position\":1,\"name\":\"Hem\",\"item\":\"https:\\\/\\\/sigtuna.vansterpartiet.se\\\/\"},{\"@type\":\"ListItem\",\"position\":2,\"name\":\"Om oss!\"}]},{\"@type\":\"WebSite\",\"@id\":\"https:\\\/\\\/sigtuna.vansterpartiet.se\\\/#website\",\"url\":\"https:\\\/\\\/sigtuna.vansterpartiet.se\\\/\",\"name\":\"V\u00e4nsterpartiet M\u00e4rsta-Sigtuna\",\"description\":\"#SigtunaKommunF\u00f6rAlla\",\"potentialAction\":[{\"@type\":\"SearchAction\",\"target\":{\"@type\":\"EntryPoint\",\"urlTemplate\":\"https:\\\/\\\/sigtuna.vansterpartiet.se\\\/?s={search_term_string}\"},\"query-input\":{\"@type\":\"PropertyValueSpecification\",\"valueRequired\":true,\"valueName\":\"search_term_string\"}}],\"inLanguage\":\"sv-SE\"}]}<\/script>\n<!-- \/ Yoast SEO plugin. -->","yoast_head_json":{"title":"Om oss! - V\u00e4nsterpartiet M\u00e4rsta-Sigtuna","robots":{"index":"index","follow":"follow","max-snippet":"max-snippet:-1","max-image-preview":"max-image-preview:large","max-video-preview":"max-video-preview:-1"},"canonical":"https:\/\/sigtuna.vansterpartiet.se\/?page_id=1372","og_locale":"sv_SE","og_type":"article","og_title":"Om oss! - V\u00e4nsterpartiet M\u00e4rsta-Sigtuna","og_description":"V\u00e4nsterpartiet M\u00e4rsta-Sigtuna \u00e4r en lokal partif\u00f6rening som arbetar f\u00f6r ett j\u00e4mlikt, solidariskt och h\u00e5llbart samh\u00e4lle. Vi utg\u00e5r fr\u00e5n socialistiska, feministiska och ekologiska v\u00e4rderingar och driver politik som s\u00e4tter m\u00e4nniskors behov [&hellip;]","og_url":"https:\/\/sigtuna.vansterpartiet.se\/?page_id=1372","og_site_name":"V\u00e4nsterpartiet M\u00e4rsta-Sigtuna","article_modified_time":"2026-02-27T17:05:08+00:00","og_image":[{"width":960,"height":640,"url":"https:\/\/sigtuna.vansterpartiet.se\/files\/2026\/02\/626338342_1323001679858377_2696847346849677362_n.jpg","type":"image\/jpeg"}],"twitter_card":"summary_large_image","twitter_misc":{"Ber\u00e4knad l\u00e4stid":"2 minuter"},"schema":{"@context":"https:\/\/schema.org","@graph":[{"@type":"WebPage","@id":"https:\/\/sigtuna.vansterpartiet.se\/?page_id=1372","url":"https:\/\/sigtuna.vansterpartiet.se\/?page_id=1372","name":"Om oss! - V\u00e4nsterpartiet M\u00e4rsta-Sigtuna","isPartOf":{"@id":"https:\/\/sigtuna.vansterpartiet.se\/#website"},"primaryImageOfPage":{"@id":"https:\/\/sigtuna.vansterpartiet.se\/?page_id=1372#primaryimage"},"image":{"@id":"https:\/\/sigtuna.vansterpartiet.se\/?page_id=1372#primaryimage"},"thumbnailUrl":"https:\/\/sigtuna.vansterpartiet.se\/files\/2026\/02\/626338342_1323001679858377_2696847346849677362_n.jpg","datePublished":"2026-01-30T10:37:17+00:00","dateModified":"2026-02-27T17:05:08+00:00","breadcrumb":{"@id":"https:\/\/sigtuna.vansterpartiet.se\/?page_id=1372#breadcrumb"},"inLanguage":"sv-SE","potentialAction":[{"@type":"ReadAction","target":["https:\/\/sigtuna.vansterpartiet.se\/?page_id=1372"]}]},{"@type":"ImageObject","inLanguage":"sv-SE","@id":"https:\/\/sigtuna.vansterpartiet.se\/?page_id=1372#primaryimage","url":"https:\/\/sigtuna.vansterpartiet.se\/files\/2026\/02\/626338342_1323001679858377_2696847346849677362_n.jpg","contentUrl":"https:\/\/sigtuna.vansterpartiet.se\/files\/2026\/02\/626338342_1323001679858377_2696847346849677362_n.jpg"},{"@type":"BreadcrumbList","@id":"https:\/\/sigtuna.vansterpartiet.se\/?page_id=1372#breadcrumb","itemListElement":[{"@type":"ListItem","position":1,"name":"Hem","item":"https:\/\/sigtuna.vansterpartiet.se\/"},{"@type":"ListItem","position":2,"name":"Om oss!"}]},{"@type":"WebSite","@id":"https:\/\/sigtuna.vansterpartiet.se\/#website","url":"https:\/\/sigtuna.vansterpartiet.se\/","name":"V\u00e4nsterpartiet M\u00e4rsta-Sigtuna","description":"#SigtunaKommunF\u00f6rAlla","potentialAction":[{"@type":"SearchAction","target":{"@type":"EntryPoint","urlTemplate":"https:\/\/sigtuna.vansterpartiet.se\/?s={search_term_string}"},"query-input":{"@type":"PropertyValueSpecification","valueRequired":true,"valueName":"search_term_string"}}],"inLanguage":"sv-SE"}]}},"_links":{"self":[{"href":"https:\/\/sigtuna.vansterpartiet.se\/index.php?rest_route=\/wp\/v2\/pages\/1372","targetHints":{"allow":["GET"]}}],"collection":[{"href":"https:\/\/sigtuna.vansterpartiet.se\/index.php?rest_route=\/wp\/v2\/pages"}],"about":[{"href":"https:\/\/sigtuna.vansterpartiet.se\/index.php?rest_route=\/wp\/v2\/types\/page"}],"author":[{"embeddable":true,"href":"https:\/\/sigtuna.vansterpartiet.se\/index.php?rest_route=\/wp\/v2\/users\/1873"}],"replies":[{"embeddable":true,"href":"https:\/\/sigtuna.vansterpartiet.se\/index.php?rest_route=%2Fwp%2Fv2%2Fcomments&post=1372"}],"version-history":[{"count":5,"href":"https:\/\/sigtuna.vansterpartiet.se\/index.php?rest_route=\/wp\/v2\/pages\/1372\/revisions"}],"predecessor-version":[{"id":1469,"href":"https:\/\/sigtuna.vansterpartiet.se\/index.php?rest_route=\/wp\/v2\/pages\/1372\/revisions\/1469"}],"wp:attachment":[{"href":"https:\/\/sigtuna.vansterpartiet.se\/index.php?rest_route=%2Fwp%2Fv2%2Fmedia&parent=1372"}],"curies":[{"name":"wp","href":"https:\/\/api.w.org\/{rel}","templated":true}]}}