{"id":1433,"date":"2026-02-26T13:42:41","date_gmt":"2026-02-26T12:42:41","guid":{"rendered":"https:\/\/sigtuna.vansterpartiet.se\/?page_id=1433"},"modified":"2026-02-27T17:43:26","modified_gmt":"2026-02-27T16:43:26","slug":"val-2026","status":"publish","type":"page","link":"https:\/\/sigtuna.vansterpartiet.se\/?page_id=1433","title":{"rendered":"Val 2026"},"content":{"rendered":"<p><strong>V\u00e5ra kandidater till\u00a0 Kommunfullm\u00e4ktige!\u00a0<\/strong><\/p>\n<p><a href=\"https:\/\/sigtuna.vansterpartiet.se\/files\/2026\/02\/valsedel.jpg\"><img loading=\"lazy\" decoding=\"async\" class=\"alignnone size-medium wp-image-1439\" src=\"https:\/\/sigtuna.vansterpartiet.se\/files\/2026\/02\/valsedel-293x300.jpg\" alt=\"\" width=\"293\" height=\"300\" srcset=\"https:\/\/sigtuna.vansterpartiet.se\/files\/2026\/02\/valsedel-293x300.jpg 293w, https:\/\/sigtuna.vansterpartiet.se\/files\/2026\/02\/valsedel.jpg 577w\" sizes=\"(max-width: 293px) 100vw, 293px\" \/><\/a><\/p>\n<p>&nbsp;<\/p>\n<p>&nbsp;<\/p>\n","protected":false},"excerpt":{"rendered":"<p>V\u00e5ra kandidater till\u00a0 Kommunfullm\u00e4ktige!\u00a0 &nbsp; &nbsp;<\/p>\n","protected":false},"author":1873,"featured_media":0,"parent":0,"menu_order":0,"comment_status":"closed","ping_status":"closed","template":"","meta":{"_acf_changed":false,"footnotes":""},"class_list":["post-1433","page","type-page","status-publish","hentry"],"acf":[],"yoast_head":"<!-- This site is optimized with the Yoast SEO plugin v27.4 - https:\/\/yoast.com\/product\/yoast-seo-wordpress\/ -->\n<title>Val 2026 - V\u00e4nsterpartiet M\u00e4rsta-Sigtuna<\/title>\n<meta name=\"robots\" content=\"index, follow, max-snippet:-1, max-image-preview:large, max-video-preview:-1\" \/>\n<link rel=\"canonical\" href=\"https:\/\/sigtuna.vansterpartiet.se\/?page_id=1433\" \/>\n<meta property=\"og:locale\" content=\"sv_SE\" \/>\n<meta property=\"og:type\" content=\"article\" \/>\n<meta property=\"og:title\" content=\"Val 2026 - V\u00e4nsterpartiet M\u00e4rsta-Sigtuna\" \/>\n<meta property=\"og:description\" content=\"V\u00e5ra kandidater till\u00a0 Kommunfullm\u00e4ktige!\u00a0 &nbsp; &nbsp;\" \/>\n<meta property=\"og:url\" content=\"https:\/\/sigtuna.vansterpartiet.se\/?page_id=1433\" \/>\n<meta property=\"og:site_name\" content=\"V\u00e4nsterpartiet M\u00e4rsta-Sigtuna\" \/>\n<meta property=\"article:modified_time\" content=\"2026-02-27T16:43:26+00:00\" \/>\n<meta property=\"og:image\" content=\"https:\/\/sigtuna.vansterpartiet.se\/files\/2026\/02\/valsedel.jpg\" \/>\n\t<meta property=\"og:image:width\" content=\"577\" \/>\n\t<meta property=\"og:image:height\" content=\"590\" \/>\n\t<meta property=\"og:image:type\" content=\"image\/jpeg\" \/>\n<meta name=\"twitter:card\" content=\"summary_large_image\" \/>\n<meta name=\"twitter:label1\" content=\"Ber\u00e4knad l\u00e4stid\" \/>\n\t<meta name=\"twitter:data1\" content=\"1 minut\" \/>\n<script type=\"application\/ld+json\" class=\"yoast-schema-graph\">{\"@context\":\"https:\\\/\\\/schema.org\",\"@graph\":[{\"@type\":\"WebPage\",\"@id\":\"https:\\\/\\\/sigtuna.vansterpartiet.se\\\/?page_id=1433\",\"url\":\"https:\\\/\\\/sigtuna.vansterpartiet.se\\\/?page_id=1433\",\"name\":\"Val 2026 - V\u00e4nsterpartiet M\u00e4rsta-Sigtuna\",\"isPartOf\":{\"@id\":\"https:\\\/\\\/sigtuna.vansterpartiet.se\\\/#website\"},\"primaryImageOfPage\":{\"@id\":\"https:\\\/\\\/sigtuna.vansterpartiet.se\\\/?page_id=1433#primaryimage\"},\"image\":{\"@id\":\"https:\\\/\\\/sigtuna.vansterpartiet.se\\\/?page_id=1433#primaryimage\"},\"thumbnailUrl\":\"https:\\\/\\\/sigtuna.vansterpartiet.se\\\/files\\\/2026\\\/02\\\/valsedel-293x300.jpg\",\"datePublished\":\"2026-02-26T12:42:41+00:00\",\"dateModified\":\"2026-02-27T16:43:26+00:00\",\"breadcrumb\":{\"@id\":\"https:\\\/\\\/sigtuna.vansterpartiet.se\\\/?page_id=1433#breadcrumb\"},\"inLanguage\":\"sv-SE\",\"potentialAction\":[{\"@type\":\"ReadAction\",\"target\":[\"https:\\\/\\\/sigtuna.vansterpartiet.se\\\/?page_id=1433\"]}]},{\"@type\":\"ImageObject\",\"inLanguage\":\"sv-SE\",\"@id\":\"https:\\\/\\\/sigtuna.vansterpartiet.se\\\/?page_id=1433#primaryimage\",\"url\":\"https:\\\/\\\/sigtuna.vansterpartiet.se\\\/files\\\/2026\\\/02\\\/valsedel.jpg\",\"contentUrl\":\"https:\\\/\\\/sigtuna.vansterpartiet.se\\\/files\\\/2026\\\/02\\\/valsedel.jpg\",\"width\":577,\"height\":590},{\"@type\":\"BreadcrumbList\",\"@id\":\"https:\\\/\\\/sigtuna.vansterpartiet.se\\\/?page_id=1433#breadcrumb\",\"itemListElement\":[{\"@type\":\"ListItem\",\"position\":1,\"name\":\"Hem\",\"item\":\"https:\\\/\\\/sigtuna.vansterpartiet.se\\\/\"},{\"@type\":\"ListItem\",\"position\":2,\"name\":\"Val 2026\"}]},{\"@type\":\"WebSite\",\"@id\":\"https:\\\/\\\/sigtuna.vansterpartiet.se\\\/#website\",\"url\":\"https:\\\/\\\/sigtuna.vansterpartiet.se\\\/\",\"name\":\"V\u00e4nsterpartiet M\u00e4rsta-Sigtuna\",\"description\":\"#SigtunaKommunF\u00f6rAlla\",\"potentialAction\":[{\"@type\":\"SearchAction\",\"target\":{\"@type\":\"EntryPoint\",\"urlTemplate\":\"https:\\\/\\\/sigtuna.vansterpartiet.se\\\/?s={search_term_string}\"},\"query-input\":{\"@type\":\"PropertyValueSpecification\",\"valueRequired\":true,\"valueName\":\"search_term_string\"}}],\"inLanguage\":\"sv-SE\"}]}<\/script>\n<!-- \/ Yoast SEO plugin. -->","yoast_head_json":{"title":"Val 2026 - V\u00e4nsterpartiet M\u00e4rsta-Sigtuna","robots":{"index":"index","follow":"follow","max-snippet":"max-snippet:-1","max-image-preview":"max-image-preview:large","max-video-preview":"max-video-preview:-1"},"canonical":"https:\/\/sigtuna.vansterpartiet.se\/?page_id=1433","og_locale":"sv_SE","og_type":"article","og_title":"Val 2026 - V\u00e4nsterpartiet M\u00e4rsta-Sigtuna","og_description":"V\u00e5ra kandidater till\u00a0 Kommunfullm\u00e4ktige!\u00a0 &nbsp; &nbsp;","og_url":"https:\/\/sigtuna.vansterpartiet.se\/?page_id=1433","og_site_name":"V\u00e4nsterpartiet M\u00e4rsta-Sigtuna","article_modified_time":"2026-02-27T16:43:26+00:00","og_image":[{"width":577,"height":590,"url":"https:\/\/sigtuna.vansterpartiet.se\/files\/2026\/02\/valsedel.jpg","type":"image\/jpeg"}],"twitter_card":"summary_large_image","twitter_misc":{"Ber\u00e4knad l\u00e4stid":"1 minut"},"schema":{"@context":"https:\/\/schema.org","@graph":[{"@type":"WebPage","@id":"https:\/\/sigtuna.vansterpartiet.se\/?page_id=1433","url":"https:\/\/sigtuna.vansterpartiet.se\/?page_id=1433","name":"Val 2026 - V\u00e4nsterpartiet M\u00e4rsta-Sigtuna","isPartOf":{"@id":"https:\/\/sigtuna.vansterpartiet.se\/#website"},"primaryImageOfPage":{"@id":"https:\/\/sigtuna.vansterpartiet.se\/?page_id=1433#primaryimage"},"image":{"@id":"https:\/\/sigtuna.vansterpartiet.se\/?page_id=1433#primaryimage"},"thumbnailUrl":"https:\/\/sigtuna.vansterpartiet.se\/files\/2026\/02\/valsedel-293x300.jpg","datePublished":"2026-02-26T12:42:41+00:00","dateModified":"2026-02-27T16:43:26+00:00","breadcrumb":{"@id":"https:\/\/sigtuna.vansterpartiet.se\/?page_id=1433#breadcrumb"},"inLanguage":"sv-SE","potentialAction":[{"@type":"ReadAction","target":["https:\/\/sigtuna.vansterpartiet.se\/?page_id=1433"]}]},{"@type":"ImageObject","inLanguage":"sv-SE","@id":"https:\/\/sigtuna.vansterpartiet.se\/?page_id=1433#primaryimage","url":"https:\/\/sigtuna.vansterpartiet.se\/files\/2026\/02\/valsedel.jpg","contentUrl":"https:\/\/sigtuna.vansterpartiet.se\/files\/2026\/02\/valsedel.jpg","width":577,"height":590},{"@type":"BreadcrumbList","@id":"https:\/\/sigtuna.vansterpartiet.se\/?page_id=1433#breadcrumb","itemListElement":[{"@type":"ListItem","position":1,"name":"Hem","item":"https:\/\/sigtuna.vansterpartiet.se\/"},{"@type":"ListItem","position":2,"name":"Val 2026"}]},{"@type":"WebSite","@id":"https:\/\/sigtuna.vansterpartiet.se\/#website","url":"https:\/\/sigtuna.vansterpartiet.se\/","name":"V\u00e4nsterpartiet M\u00e4rsta-Sigtuna","description":"#SigtunaKommunF\u00f6rAlla","potentialAction":[{"@type":"SearchAction","target":{"@type":"EntryPoint","urlTemplate":"https:\/\/sigtuna.vansterpartiet.se\/?s={search_term_string}"},"query-input":{"@type":"PropertyValueSpecification","valueRequired":true,"valueName":"search_term_string"}}],"inLanguage":"sv-SE"}]}},"_links":{"self":[{"href":"https:\/\/sigtuna.vansterpartiet.se\/index.php?rest_route=\/wp\/v2\/pages\/1433","targetHints":{"allow":["GET"]}}],"collection":[{"href":"https:\/\/sigtuna.vansterpartiet.se\/index.php?rest_route=\/wp\/v2\/pages"}],"about":[{"href":"https:\/\/sigtuna.vansterpartiet.se\/index.php?rest_route=\/wp\/v2\/types\/page"}],"author":[{"embeddable":true,"href":"https:\/\/sigtuna.vansterpartiet.se\/index.php?rest_route=\/wp\/v2\/users\/1873"}],"replies":[{"embeddable":true,"href":"https:\/\/sigtuna.vansterpartiet.se\/index.php?rest_route=%2Fwp%2Fv2%2Fcomments&post=1433"}],"version-history":[{"count":4,"href":"https:\/\/sigtuna.vansterpartiet.se\/index.php?rest_route=\/wp\/v2\/pages\/1433\/revisions"}],"predecessor-version":[{"id":1462,"href":"https:\/\/sigtuna.vansterpartiet.se\/index.php?rest_route=\/wp\/v2\/pages\/1433\/revisions\/1462"}],"wp:attachment":[{"href":"https:\/\/sigtuna.vansterpartiet.se\/index.php?rest_route=%2Fwp%2Fv2%2Fmedia&parent=1433"}],"curies":[{"name":"wp","href":"https:\/\/api.w.org\/{rel}","templated":true}]}}