{"id":381,"date":"2014-12-30T19:51:14","date_gmt":"2014-12-30T18:51:14","guid":{"rendered":"https:\/\/sigtuna.vansterpartiet.se\/?page_id=381"},"modified":"2026-02-19T11:21:34","modified_gmt":"2026-02-19T10:21:34","slug":"kontakt","status":"publish","type":"page","link":"https:\/\/sigtuna.vansterpartiet.se\/?page_id=381","title":{"rendered":"Kontakt"},"content":{"rendered":"<p>Post\/Faktura:<\/p>\n<p><strong>V\u00e4nsterpartiet<\/strong><\/p>\n<p>C\/O ABF<br \/>\nV\u00e4stra Bangatan 31E, 195 40 M\u00c4RSTA<\/p>\n<p><strong>Ordf\u00f6rande<\/strong>:<br \/>\nLeo Ahmed, epost: leoahmed.sigtuna@gmail.com<\/p>\n<p><strong>Politisk sekreterare<\/strong>:<\/p>\n<p>Marta Aguirre, e.post:\u00a0 marta.aguirre@sigtuna.se<\/p>\n<p>&nbsp;<\/p>\n<p>F\u00f6lj oss p\u00e5 <a href=\"https:\/\/www.facebook.com\/VSigtunakommun\">FACEBOOK<\/a>\u00a0och <a href=\"https:\/\/www.instagram.com\/VSigtunakommun\">INSTAGRAM<\/a>\u00a0f\u00f6r regelbunden uppdatering<\/p>\n<p>&nbsp;<\/p>\n<p>&nbsp;<\/p>\n<p><strong>Integritetspolicy<br \/>\n<\/strong>V\u00e4nsterpartiets integritetspolicy kan man l\u00e4sa om p\u00e5 partiets centrala <a href=\"https:\/\/www.vansterpartiet.se\/integritetspolicy\/\">webbsida<\/a>.<\/p>\n","protected":false},"excerpt":{"rendered":"<p>Post\/Faktura: V\u00e4nsterpartiet C\/O ABF V\u00e4stra Bangatan 31E, 195 40 M\u00c4RSTA Ordf\u00f6rande: Leo Ahmed, epost: leoahmed.sigtuna@gmail.com Politisk sekreterare: Marta Aguirre, e.post:\u00a0 marta.aguirre@sigtuna.se &nbsp; F\u00f6lj oss p\u00e5 FACEBOOK\u00a0och INSTAGRAM\u00a0f\u00f6r regelbunden uppdatering &nbsp; [&hellip;]<\/p>\n","protected":false},"author":274,"featured_media":0,"parent":0,"menu_order":0,"comment_status":"open","ping_status":"open","template":"","meta":{"_acf_changed":false,"footnotes":""},"class_list":["post-381","page","type-page","status-publish","hentry"],"acf":[],"yoast_head":"<!-- This site is optimized with the Yoast SEO plugin v27.4 - https:\/\/yoast.com\/product\/yoast-seo-wordpress\/ -->\n<title>Kontakt - V\u00e4nsterpartiet M\u00e4rsta-Sigtuna<\/title>\n<meta name=\"robots\" content=\"index, follow, max-snippet:-1, max-image-preview:large, max-video-preview:-1\" \/>\n<link rel=\"canonical\" href=\"https:\/\/sigtuna.vansterpartiet.se\/?page_id=381\" \/>\n<meta property=\"og:locale\" content=\"sv_SE\" \/>\n<meta property=\"og:type\" content=\"article\" \/>\n<meta property=\"og:title\" content=\"Kontakt - V\u00e4nsterpartiet M\u00e4rsta-Sigtuna\" \/>\n<meta property=\"og:description\" content=\"Post\/Faktura: V\u00e4nsterpartiet C\/O ABF V\u00e4stra Bangatan 31E, 195 40 M\u00c4RSTA Ordf\u00f6rande: Leo Ahmed, epost: leoahmed.sigtuna@gmail.com Politisk sekreterare: Marta Aguirre, e.post:\u00a0 marta.aguirre@sigtuna.se &nbsp; F\u00f6lj oss p\u00e5 FACEBOOK\u00a0och INSTAGRAM\u00a0f\u00f6r regelbunden uppdatering &nbsp; [&hellip;]\" \/>\n<meta property=\"og:url\" content=\"https:\/\/sigtuna.vansterpartiet.se\/?page_id=381\" \/>\n<meta property=\"og:site_name\" content=\"V\u00e4nsterpartiet M\u00e4rsta-Sigtuna\" \/>\n<meta property=\"article:modified_time\" content=\"2026-02-19T10:21:34+00:00\" \/>\n<meta name=\"twitter:card\" content=\"summary_large_image\" \/>\n<meta name=\"twitter:label1\" content=\"Ber\u00e4knad l\u00e4stid\" \/>\n\t<meta name=\"twitter:data1\" content=\"1 minut\" \/>\n<script type=\"application\/ld+json\" class=\"yoast-schema-graph\">{\"@context\":\"https:\\\/\\\/schema.org\",\"@graph\":[{\"@type\":\"WebPage\",\"@id\":\"https:\\\/\\\/sigtuna.vansterpartiet.se\\\/?page_id=381\",\"url\":\"https:\\\/\\\/sigtuna.vansterpartiet.se\\\/?page_id=381\",\"name\":\"Kontakt - V\u00e4nsterpartiet M\u00e4rsta-Sigtuna\",\"isPartOf\":{\"@id\":\"https:\\\/\\\/sigtuna.vansterpartiet.se\\\/#website\"},\"datePublished\":\"2014-12-30T18:51:14+00:00\",\"dateModified\":\"2026-02-19T10:21:34+00:00\",\"breadcrumb\":{\"@id\":\"https:\\\/\\\/sigtuna.vansterpartiet.se\\\/?page_id=381#breadcrumb\"},\"inLanguage\":\"sv-SE\",\"potentialAction\":[{\"@type\":\"ReadAction\",\"target\":[\"https:\\\/\\\/sigtuna.vansterpartiet.se\\\/?page_id=381\"]}]},{\"@type\":\"BreadcrumbList\",\"@id\":\"https:\\\/\\\/sigtuna.vansterpartiet.se\\\/?page_id=381#breadcrumb\",\"itemListElement\":[{\"@type\":\"ListItem\",\"position\":1,\"name\":\"Hem\",\"item\":\"https:\\\/\\\/sigtuna.vansterpartiet.se\\\/\"},{\"@type\":\"ListItem\",\"position\":2,\"name\":\"Kontakt\"}]},{\"@type\":\"WebSite\",\"@id\":\"https:\\\/\\\/sigtuna.vansterpartiet.se\\\/#website\",\"url\":\"https:\\\/\\\/sigtuna.vansterpartiet.se\\\/\",\"name\":\"V\u00e4nsterpartiet M\u00e4rsta-Sigtuna\",\"description\":\"#SigtunaKommunF\u00f6rAlla\",\"potentialAction\":[{\"@type\":\"SearchAction\",\"target\":{\"@type\":\"EntryPoint\",\"urlTemplate\":\"https:\\\/\\\/sigtuna.vansterpartiet.se\\\/?s={search_term_string}\"},\"query-input\":{\"@type\":\"PropertyValueSpecification\",\"valueRequired\":true,\"valueName\":\"search_term_string\"}}],\"inLanguage\":\"sv-SE\"}]}<\/script>\n<!-- \/ Yoast SEO plugin. -->","yoast_head_json":{"title":"Kontakt - V\u00e4nsterpartiet M\u00e4rsta-Sigtuna","robots":{"index":"index","follow":"follow","max-snippet":"max-snippet:-1","max-image-preview":"max-image-preview:large","max-video-preview":"max-video-preview:-1"},"canonical":"https:\/\/sigtuna.vansterpartiet.se\/?page_id=381","og_locale":"sv_SE","og_type":"article","og_title":"Kontakt - V\u00e4nsterpartiet M\u00e4rsta-Sigtuna","og_description":"Post\/Faktura: V\u00e4nsterpartiet C\/O ABF V\u00e4stra Bangatan 31E, 195 40 M\u00c4RSTA Ordf\u00f6rande: Leo Ahmed, epost: leoahmed.sigtuna@gmail.com Politisk sekreterare: Marta Aguirre, e.post:\u00a0 marta.aguirre@sigtuna.se &nbsp; F\u00f6lj oss p\u00e5 FACEBOOK\u00a0och INSTAGRAM\u00a0f\u00f6r regelbunden uppdatering &nbsp; [&hellip;]","og_url":"https:\/\/sigtuna.vansterpartiet.se\/?page_id=381","og_site_name":"V\u00e4nsterpartiet M\u00e4rsta-Sigtuna","article_modified_time":"2026-02-19T10:21:34+00:00","twitter_card":"summary_large_image","twitter_misc":{"Ber\u00e4knad l\u00e4stid":"1 minut"},"schema":{"@context":"https:\/\/schema.org","@graph":[{"@type":"WebPage","@id":"https:\/\/sigtuna.vansterpartiet.se\/?page_id=381","url":"https:\/\/sigtuna.vansterpartiet.se\/?page_id=381","name":"Kontakt - V\u00e4nsterpartiet M\u00e4rsta-Sigtuna","isPartOf":{"@id":"https:\/\/sigtuna.vansterpartiet.se\/#website"},"datePublished":"2014-12-30T18:51:14+00:00","dateModified":"2026-02-19T10:21:34+00:00","breadcrumb":{"@id":"https:\/\/sigtuna.vansterpartiet.se\/?page_id=381#breadcrumb"},"inLanguage":"sv-SE","potentialAction":[{"@type":"ReadAction","target":["https:\/\/sigtuna.vansterpartiet.se\/?page_id=381"]}]},{"@type":"BreadcrumbList","@id":"https:\/\/sigtuna.vansterpartiet.se\/?page_id=381#breadcrumb","itemListElement":[{"@type":"ListItem","position":1,"name":"Hem","item":"https:\/\/sigtuna.vansterpartiet.se\/"},{"@type":"ListItem","position":2,"name":"Kontakt"}]},{"@type":"WebSite","@id":"https:\/\/sigtuna.vansterpartiet.se\/#website","url":"https:\/\/sigtuna.vansterpartiet.se\/","name":"V\u00e4nsterpartiet M\u00e4rsta-Sigtuna","description":"#SigtunaKommunF\u00f6rAlla","potentialAction":[{"@type":"SearchAction","target":{"@type":"EntryPoint","urlTemplate":"https:\/\/sigtuna.vansterpartiet.se\/?s={search_term_string}"},"query-input":{"@type":"PropertyValueSpecification","valueRequired":true,"valueName":"search_term_string"}}],"inLanguage":"sv-SE"}]}},"_links":{"self":[{"href":"https:\/\/sigtuna.vansterpartiet.se\/index.php?rest_route=\/wp\/v2\/pages\/381","targetHints":{"allow":["GET"]}}],"collection":[{"href":"https:\/\/sigtuna.vansterpartiet.se\/index.php?rest_route=\/wp\/v2\/pages"}],"about":[{"href":"https:\/\/sigtuna.vansterpartiet.se\/index.php?rest_route=\/wp\/v2\/types\/page"}],"author":[{"embeddable":true,"href":"https:\/\/sigtuna.vansterpartiet.se\/index.php?rest_route=\/wp\/v2\/users\/274"}],"replies":[{"embeddable":true,"href":"https:\/\/sigtuna.vansterpartiet.se\/index.php?rest_route=%2Fwp%2Fv2%2Fcomments&post=381"}],"version-history":[{"count":18,"href":"https:\/\/sigtuna.vansterpartiet.se\/index.php?rest_route=\/wp\/v2\/pages\/381\/revisions"}],"predecessor-version":[{"id":1425,"href":"https:\/\/sigtuna.vansterpartiet.se\/index.php?rest_route=\/wp\/v2\/pages\/381\/revisions\/1425"}],"wp:attachment":[{"href":"https:\/\/sigtuna.vansterpartiet.se\/index.php?rest_route=%2Fwp%2Fv2%2Fmedia&parent=381"}],"curies":[{"name":"wp","href":"https:\/\/api.w.org\/{rel}","templated":true}]}}