{"id":430,"date":"2016-03-22T11:18:17","date_gmt":"2016-03-22T10:18:17","guid":{"rendered":"https:\/\/sigtuna.vansterpartiet.se\/?page_id=430"},"modified":"2026-02-26T13:40:58","modified_gmt":"2026-02-26T12:40:58","slug":"styrelse","status":"publish","type":"page","link":"https:\/\/sigtuna.vansterpartiet.se\/?page_id=430","title":{"rendered":"Styrelse"},"content":{"rendered":"<h4 style=\"text-align: left\"><strong>Styrelsen f\u00f6r verksamhets\u00e5ret best\u00e5r av:<\/strong><\/h4>\n<ul>\n<li><a href=\"mailto:leoahmed.sigtuna@gmail.com\">Leo Ahmed<\/a> (ordf\u00f6rande)<\/li>\n<li>Palle Raabjerg (kass\u00f6r)<\/li>\n<li>Marta Aguirre (ledamot)<\/li>\n<li>Johanna Holmberg Wallin (ledamot)<\/li>\n<li>Kitty Sue Morgan(ledamot)<\/li>\n<li>Nasar Khan(ledamot)<\/li>\n<li>Evelina Samuelsson(ledamot)<\/li>\n<li>Peter Stensson (suppleant)<\/li>\n<\/ul>\n<p>&nbsp;<\/p>\n<p>&nbsp;<\/p>\n<p>&nbsp;<\/p>\n<p>&nbsp;<\/p>\n","protected":false},"excerpt":{"rendered":"<p>Styrelsen f\u00f6r verksamhets\u00e5ret best\u00e5r av: Leo Ahmed (ordf\u00f6rande) Palle Raabjerg (kass\u00f6r) Marta Aguirre (ledamot) Johanna Holmberg Wallin (ledamot) Kitty Sue Morgan(ledamot) Nasar Khan(ledamot) Evelina Samuelsson(ledamot) Peter Stensson (suppleant) &nbsp; &nbsp; [&hellip;]<\/p>\n","protected":false},"author":274,"featured_media":0,"parent":786,"menu_order":1,"comment_status":"closed","ping_status":"closed","template":"","meta":{"_acf_changed":false,"footnotes":""},"class_list":["post-430","page","type-page","status-publish","hentry"],"acf":[],"yoast_head":"<!-- This site is optimized with the Yoast SEO plugin v27.4 - https:\/\/yoast.com\/product\/yoast-seo-wordpress\/ -->\n<title>V\u00e4nsterpartiet M\u00e4rsta-Sigtuna: Din R\u00f6st f\u00f6r R\u00e4ttvisa och J\u00e4mlikhet<\/title>\n<meta name=\"description\" content=\"Tillsammans f\u00f6r En B\u00e4ttre Framtid\" \/>\n<meta name=\"robots\" content=\"index, follow, max-snippet:-1, max-image-preview:large, max-video-preview:-1\" \/>\n<link rel=\"canonical\" href=\"https:\/\/sigtuna.vansterpartiet.se\/?page_id=430\" \/>\n<meta property=\"og:locale\" content=\"sv_SE\" \/>\n<meta property=\"og:type\" content=\"article\" \/>\n<meta property=\"og:title\" content=\"V\u00e4nsterpartiet M\u00e4rsta-Sigtuna: Din R\u00f6st f\u00f6r R\u00e4ttvisa och J\u00e4mlikhet\" \/>\n<meta property=\"og:description\" content=\"Tillsammans f\u00f6r En B\u00e4ttre Framtid\" \/>\n<meta property=\"og:url\" content=\"https:\/\/sigtuna.vansterpartiet.se\/?page_id=430\" \/>\n<meta property=\"og:site_name\" content=\"V\u00e4nsterpartiet M\u00e4rsta-Sigtuna\" \/>\n<meta property=\"article:modified_time\" content=\"2026-02-26T12:40:58+00:00\" \/>\n<meta name=\"twitter:card\" content=\"summary_large_image\" \/>\n<meta name=\"twitter:label1\" content=\"Ber\u00e4knad l\u00e4stid\" \/>\n\t<meta name=\"twitter:data1\" content=\"1 minut\" \/>\n<script type=\"application\/ld+json\" class=\"yoast-schema-graph\">{\"@context\":\"https:\\\/\\\/schema.org\",\"@graph\":[{\"@type\":\"WebPage\",\"@id\":\"https:\\\/\\\/sigtuna.vansterpartiet.se\\\/?page_id=430\",\"url\":\"https:\\\/\\\/sigtuna.vansterpartiet.se\\\/?page_id=430\",\"name\":\"V\u00e4nsterpartiet M\u00e4rsta-Sigtuna: Din R\u00f6st f\u00f6r R\u00e4ttvisa och J\u00e4mlikhet\",\"isPartOf\":{\"@id\":\"https:\\\/\\\/sigtuna.vansterpartiet.se\\\/#website\"},\"datePublished\":\"2016-03-22T10:18:17+00:00\",\"dateModified\":\"2026-02-26T12:40:58+00:00\",\"description\":\"Tillsammans f\u00f6r En B\u00e4ttre Framtid\",\"breadcrumb\":{\"@id\":\"https:\\\/\\\/sigtuna.vansterpartiet.se\\\/?page_id=430#breadcrumb\"},\"inLanguage\":\"sv-SE\",\"potentialAction\":[{\"@type\":\"ReadAction\",\"target\":[\"https:\\\/\\\/sigtuna.vansterpartiet.se\\\/?page_id=430\"]}]},{\"@type\":\"BreadcrumbList\",\"@id\":\"https:\\\/\\\/sigtuna.vansterpartiet.se\\\/?page_id=430#breadcrumb\",\"itemListElement\":[{\"@type\":\"ListItem\",\"position\":1,\"name\":\"Hem\",\"item\":\"https:\\\/\\\/sigtuna.vansterpartiet.se\\\/\"},{\"@type\":\"ListItem\",\"position\":2,\"name\":\"V\u00e5ra f\u00f6rtroendevalda\",\"item\":\"https:\\\/\\\/sigtuna.vansterpartiet.se\\\/?page_id=786\"},{\"@type\":\"ListItem\",\"position\":3,\"name\":\"Styrelse\"}]},{\"@type\":\"WebSite\",\"@id\":\"https:\\\/\\\/sigtuna.vansterpartiet.se\\\/#website\",\"url\":\"https:\\\/\\\/sigtuna.vansterpartiet.se\\\/\",\"name\":\"V\u00e4nsterpartiet M\u00e4rsta-Sigtuna\",\"description\":\"#SigtunaKommunF\u00f6rAlla\",\"potentialAction\":[{\"@type\":\"SearchAction\",\"target\":{\"@type\":\"EntryPoint\",\"urlTemplate\":\"https:\\\/\\\/sigtuna.vansterpartiet.se\\\/?s={search_term_string}\"},\"query-input\":{\"@type\":\"PropertyValueSpecification\",\"valueRequired\":true,\"valueName\":\"search_term_string\"}}],\"inLanguage\":\"sv-SE\"}]}<\/script>\n<!-- \/ Yoast SEO plugin. -->","yoast_head_json":{"title":"V\u00e4nsterpartiet M\u00e4rsta-Sigtuna: Din R\u00f6st f\u00f6r R\u00e4ttvisa och J\u00e4mlikhet","description":"Tillsammans f\u00f6r En B\u00e4ttre Framtid","robots":{"index":"index","follow":"follow","max-snippet":"max-snippet:-1","max-image-preview":"max-image-preview:large","max-video-preview":"max-video-preview:-1"},"canonical":"https:\/\/sigtuna.vansterpartiet.se\/?page_id=430","og_locale":"sv_SE","og_type":"article","og_title":"V\u00e4nsterpartiet M\u00e4rsta-Sigtuna: Din R\u00f6st f\u00f6r R\u00e4ttvisa och J\u00e4mlikhet","og_description":"Tillsammans f\u00f6r En B\u00e4ttre Framtid","og_url":"https:\/\/sigtuna.vansterpartiet.se\/?page_id=430","og_site_name":"V\u00e4nsterpartiet M\u00e4rsta-Sigtuna","article_modified_time":"2026-02-26T12:40:58+00:00","twitter_card":"summary_large_image","twitter_misc":{"Ber\u00e4knad l\u00e4stid":"1 minut"},"schema":{"@context":"https:\/\/schema.org","@graph":[{"@type":"WebPage","@id":"https:\/\/sigtuna.vansterpartiet.se\/?page_id=430","url":"https:\/\/sigtuna.vansterpartiet.se\/?page_id=430","name":"V\u00e4nsterpartiet M\u00e4rsta-Sigtuna: Din R\u00f6st f\u00f6r R\u00e4ttvisa och J\u00e4mlikhet","isPartOf":{"@id":"https:\/\/sigtuna.vansterpartiet.se\/#website"},"datePublished":"2016-03-22T10:18:17+00:00","dateModified":"2026-02-26T12:40:58+00:00","description":"Tillsammans f\u00f6r En B\u00e4ttre Framtid","breadcrumb":{"@id":"https:\/\/sigtuna.vansterpartiet.se\/?page_id=430#breadcrumb"},"inLanguage":"sv-SE","potentialAction":[{"@type":"ReadAction","target":["https:\/\/sigtuna.vansterpartiet.se\/?page_id=430"]}]},{"@type":"BreadcrumbList","@id":"https:\/\/sigtuna.vansterpartiet.se\/?page_id=430#breadcrumb","itemListElement":[{"@type":"ListItem","position":1,"name":"Hem","item":"https:\/\/sigtuna.vansterpartiet.se\/"},{"@type":"ListItem","position":2,"name":"V\u00e5ra f\u00f6rtroendevalda","item":"https:\/\/sigtuna.vansterpartiet.se\/?page_id=786"},{"@type":"ListItem","position":3,"name":"Styrelse"}]},{"@type":"WebSite","@id":"https:\/\/sigtuna.vansterpartiet.se\/#website","url":"https:\/\/sigtuna.vansterpartiet.se\/","name":"V\u00e4nsterpartiet M\u00e4rsta-Sigtuna","description":"#SigtunaKommunF\u00f6rAlla","potentialAction":[{"@type":"SearchAction","target":{"@type":"EntryPoint","urlTemplate":"https:\/\/sigtuna.vansterpartiet.se\/?s={search_term_string}"},"query-input":{"@type":"PropertyValueSpecification","valueRequired":true,"valueName":"search_term_string"}}],"inLanguage":"sv-SE"}]}},"_links":{"self":[{"href":"https:\/\/sigtuna.vansterpartiet.se\/index.php?rest_route=\/wp\/v2\/pages\/430","targetHints":{"allow":["GET"]}}],"collection":[{"href":"https:\/\/sigtuna.vansterpartiet.se\/index.php?rest_route=\/wp\/v2\/pages"}],"about":[{"href":"https:\/\/sigtuna.vansterpartiet.se\/index.php?rest_route=\/wp\/v2\/types\/page"}],"author":[{"embeddable":true,"href":"https:\/\/sigtuna.vansterpartiet.se\/index.php?rest_route=\/wp\/v2\/users\/274"}],"replies":[{"embeddable":true,"href":"https:\/\/sigtuna.vansterpartiet.se\/index.php?rest_route=%2Fwp%2Fv2%2Fcomments&post=430"}],"version-history":[{"count":23,"href":"https:\/\/sigtuna.vansterpartiet.se\/index.php?rest_route=\/wp\/v2\/pages\/430\/revisions"}],"predecessor-version":[{"id":1431,"href":"https:\/\/sigtuna.vansterpartiet.se\/index.php?rest_route=\/wp\/v2\/pages\/430\/revisions\/1431"}],"up":[{"embeddable":true,"href":"https:\/\/sigtuna.vansterpartiet.se\/index.php?rest_route=\/wp\/v2\/pages\/786"}],"wp:attachment":[{"href":"https:\/\/sigtuna.vansterpartiet.se\/index.php?rest_route=%2Fwp%2Fv2%2Fmedia&parent=430"}],"curies":[{"name":"wp","href":"https:\/\/api.w.org\/{rel}","templated":true}]}}