{"id":786,"date":"2018-04-29T19:53:38","date_gmt":"2018-04-29T17:53:38","guid":{"rendered":"https:\/\/sigtuna.vansterpartiet.se\/?page_id=786"},"modified":"2025-03-11T19:51:18","modified_gmt":"2025-03-11T18:51:18","slug":"politiker","status":"publish","type":"page","link":"https:\/\/sigtuna.vansterpartiet.se\/?page_id=786","title":{"rendered":"V\u00e5ra f\u00f6rtroendevalda"},"content":{"rendered":"<p><a href=\"https:\/\/sigtuna.vansterpartiet.se\/files\/2017\/11\/V-logga_CMYK_Rod.jpg\"><br \/>\n<img loading=\"lazy\" decoding=\"async\" class=\"aligncenter wp-image-613 size-thumbnail\" src=\"https:\/\/sigtuna.vansterpartiet.se\/files\/2017\/11\/V-logga_CMYK_Rod-150x150.jpg\" alt=\"\" width=\"150\" height=\"150\" \/><\/a><\/p>\n<p>H\u00e4r kan man hitta vilka personer som \u00e4r f\u00f6rtroendevalda dvs. sitter i f\u00f6reningens styrelse samt vilka personer som representerar V\u00e4nsterpartiet i Sigtuna kommuns fullm\u00e4ktige och n\u00e4mnder:<\/p>\n<ul>\n<li><a href=\"https:\/\/sigtuna.vansterpartiet.se\/politiker\/styrelse\/\">Styrelsen<\/a><\/li>\n<li><a href=\"https:\/\/sigtuna.vansterpartiet.se\/partiforeningen\/kommunala-uppdrag\/\">Kommunala uppdrag<\/a><\/li>\n<\/ul>\n","protected":false},"excerpt":{"rendered":"<p>H\u00e4r kan man hitta vilka personer som \u00e4r f\u00f6rtroendevalda dvs. sitter i f\u00f6reningens styrelse samt vilka personer som representerar V\u00e4nsterpartiet i Sigtuna kommuns fullm\u00e4ktige och n\u00e4mnder: Styrelsen Kommunala uppdrag<\/p>\n","protected":false},"author":274,"featured_media":0,"parent":0,"menu_order":0,"comment_status":"closed","ping_status":"closed","template":"","meta":{"_acf_changed":false,"footnotes":""},"class_list":["post-786","page","type-page","status-publish","hentry"],"acf":[],"yoast_head":"<!-- This site is optimized with the Yoast SEO plugin v27.4 - https:\/\/yoast.com\/product\/yoast-seo-wordpress\/ -->\n<title>V\u00e5ra f\u00f6rtroendevalda - V\u00e4nsterpartiet M\u00e4rsta-Sigtuna<\/title>\n<meta name=\"description\" content=\"Tillsammans f\u00f6r En B\u00e4ttre Framtid\" \/>\n<meta name=\"robots\" content=\"index, follow, max-snippet:-1, max-image-preview:large, max-video-preview:-1\" \/>\n<link rel=\"canonical\" href=\"https:\/\/sigtuna.vansterpartiet.se\/?page_id=786\" \/>\n<meta property=\"og:locale\" content=\"sv_SE\" \/>\n<meta property=\"og:type\" content=\"article\" \/>\n<meta property=\"og:title\" content=\"V\u00e5ra f\u00f6rtroendevalda - V\u00e4nsterpartiet M\u00e4rsta-Sigtuna\" \/>\n<meta property=\"og:description\" content=\"Tillsammans f\u00f6r En B\u00e4ttre Framtid\" \/>\n<meta property=\"og:url\" content=\"https:\/\/sigtuna.vansterpartiet.se\/?page_id=786\" \/>\n<meta property=\"og:site_name\" content=\"V\u00e4nsterpartiet M\u00e4rsta-Sigtuna\" \/>\n<meta property=\"article:modified_time\" content=\"2025-03-11T18:51:18+00:00\" \/>\n<meta property=\"og:image\" content=\"https:\/\/sigtuna.vansterpartiet.se\/files\/2017\/11\/V-logga_CMYK_Rod-150x150.jpg\" \/>\n<meta name=\"twitter:card\" content=\"summary_large_image\" \/>\n<script type=\"application\/ld+json\" class=\"yoast-schema-graph\">{\"@context\":\"https:\\\/\\\/schema.org\",\"@graph\":[{\"@type\":\"WebPage\",\"@id\":\"https:\\\/\\\/sigtuna.vansterpartiet.se\\\/?page_id=786\",\"url\":\"https:\\\/\\\/sigtuna.vansterpartiet.se\\\/?page_id=786\",\"name\":\"V\u00e5ra f\u00f6rtroendevalda - V\u00e4nsterpartiet M\u00e4rsta-Sigtuna\",\"isPartOf\":{\"@id\":\"https:\\\/\\\/sigtuna.vansterpartiet.se\\\/#website\"},\"primaryImageOfPage\":{\"@id\":\"https:\\\/\\\/sigtuna.vansterpartiet.se\\\/?page_id=786#primaryimage\"},\"image\":{\"@id\":\"https:\\\/\\\/sigtuna.vansterpartiet.se\\\/?page_id=786#primaryimage\"},\"thumbnailUrl\":\"https:\\\/\\\/sigtuna.vansterpartiet.se\\\/files\\\/2017\\\/11\\\/V-logga_CMYK_Rod-150x150.jpg\",\"datePublished\":\"2018-04-29T17:53:38+00:00\",\"dateModified\":\"2025-03-11T18:51:18+00:00\",\"description\":\"Tillsammans f\u00f6r En B\u00e4ttre Framtid\",\"breadcrumb\":{\"@id\":\"https:\\\/\\\/sigtuna.vansterpartiet.se\\\/?page_id=786#breadcrumb\"},\"inLanguage\":\"sv-SE\",\"potentialAction\":[{\"@type\":\"ReadAction\",\"target\":[\"https:\\\/\\\/sigtuna.vansterpartiet.se\\\/?page_id=786\"]}]},{\"@type\":\"ImageObject\",\"inLanguage\":\"sv-SE\",\"@id\":\"https:\\\/\\\/sigtuna.vansterpartiet.se\\\/?page_id=786#primaryimage\",\"url\":\"https:\\\/\\\/sigtuna.vansterpartiet.se\\\/files\\\/2017\\\/11\\\/V-logga_CMYK_Rod-150x150.jpg\",\"contentUrl\":\"https:\\\/\\\/sigtuna.vansterpartiet.se\\\/files\\\/2017\\\/11\\\/V-logga_CMYK_Rod-150x150.jpg\"},{\"@type\":\"BreadcrumbList\",\"@id\":\"https:\\\/\\\/sigtuna.vansterpartiet.se\\\/?page_id=786#breadcrumb\",\"itemListElement\":[{\"@type\":\"ListItem\",\"position\":1,\"name\":\"Hem\",\"item\":\"https:\\\/\\\/sigtuna.vansterpartiet.se\\\/\"},{\"@type\":\"ListItem\",\"position\":2,\"name\":\"V\u00e5ra f\u00f6rtroendevalda\"}]},{\"@type\":\"WebSite\",\"@id\":\"https:\\\/\\\/sigtuna.vansterpartiet.se\\\/#website\",\"url\":\"https:\\\/\\\/sigtuna.vansterpartiet.se\\\/\",\"name\":\"V\u00e4nsterpartiet M\u00e4rsta-Sigtuna\",\"description\":\"#SigtunaKommunF\u00f6rAlla\",\"potentialAction\":[{\"@type\":\"SearchAction\",\"target\":{\"@type\":\"EntryPoint\",\"urlTemplate\":\"https:\\\/\\\/sigtuna.vansterpartiet.se\\\/?s={search_term_string}\"},\"query-input\":{\"@type\":\"PropertyValueSpecification\",\"valueRequired\":true,\"valueName\":\"search_term_string\"}}],\"inLanguage\":\"sv-SE\"}]}<\/script>\n<!-- \/ Yoast SEO plugin. -->","yoast_head_json":{"title":"V\u00e5ra f\u00f6rtroendevalda - V\u00e4nsterpartiet M\u00e4rsta-Sigtuna","description":"Tillsammans f\u00f6r En B\u00e4ttre Framtid","robots":{"index":"index","follow":"follow","max-snippet":"max-snippet:-1","max-image-preview":"max-image-preview:large","max-video-preview":"max-video-preview:-1"},"canonical":"https:\/\/sigtuna.vansterpartiet.se\/?page_id=786","og_locale":"sv_SE","og_type":"article","og_title":"V\u00e5ra f\u00f6rtroendevalda - V\u00e4nsterpartiet M\u00e4rsta-Sigtuna","og_description":"Tillsammans f\u00f6r En B\u00e4ttre Framtid","og_url":"https:\/\/sigtuna.vansterpartiet.se\/?page_id=786","og_site_name":"V\u00e4nsterpartiet M\u00e4rsta-Sigtuna","article_modified_time":"2025-03-11T18:51:18+00:00","og_image":[{"url":"https:\/\/sigtuna.vansterpartiet.se\/files\/2017\/11\/V-logga_CMYK_Rod-150x150.jpg","type":"","width":"","height":""}],"twitter_card":"summary_large_image","schema":{"@context":"https:\/\/schema.org","@graph":[{"@type":"WebPage","@id":"https:\/\/sigtuna.vansterpartiet.se\/?page_id=786","url":"https:\/\/sigtuna.vansterpartiet.se\/?page_id=786","name":"V\u00e5ra f\u00f6rtroendevalda - V\u00e4nsterpartiet M\u00e4rsta-Sigtuna","isPartOf":{"@id":"https:\/\/sigtuna.vansterpartiet.se\/#website"},"primaryImageOfPage":{"@id":"https:\/\/sigtuna.vansterpartiet.se\/?page_id=786#primaryimage"},"image":{"@id":"https:\/\/sigtuna.vansterpartiet.se\/?page_id=786#primaryimage"},"thumbnailUrl":"https:\/\/sigtuna.vansterpartiet.se\/files\/2017\/11\/V-logga_CMYK_Rod-150x150.jpg","datePublished":"2018-04-29T17:53:38+00:00","dateModified":"2025-03-11T18:51:18+00:00","description":"Tillsammans f\u00f6r En B\u00e4ttre Framtid","breadcrumb":{"@id":"https:\/\/sigtuna.vansterpartiet.se\/?page_id=786#breadcrumb"},"inLanguage":"sv-SE","potentialAction":[{"@type":"ReadAction","target":["https:\/\/sigtuna.vansterpartiet.se\/?page_id=786"]}]},{"@type":"ImageObject","inLanguage":"sv-SE","@id":"https:\/\/sigtuna.vansterpartiet.se\/?page_id=786#primaryimage","url":"https:\/\/sigtuna.vansterpartiet.se\/files\/2017\/11\/V-logga_CMYK_Rod-150x150.jpg","contentUrl":"https:\/\/sigtuna.vansterpartiet.se\/files\/2017\/11\/V-logga_CMYK_Rod-150x150.jpg"},{"@type":"BreadcrumbList","@id":"https:\/\/sigtuna.vansterpartiet.se\/?page_id=786#breadcrumb","itemListElement":[{"@type":"ListItem","position":1,"name":"Hem","item":"https:\/\/sigtuna.vansterpartiet.se\/"},{"@type":"ListItem","position":2,"name":"V\u00e5ra f\u00f6rtroendevalda"}]},{"@type":"WebSite","@id":"https:\/\/sigtuna.vansterpartiet.se\/#website","url":"https:\/\/sigtuna.vansterpartiet.se\/","name":"V\u00e4nsterpartiet M\u00e4rsta-Sigtuna","description":"#SigtunaKommunF\u00f6rAlla","potentialAction":[{"@type":"SearchAction","target":{"@type":"EntryPoint","urlTemplate":"https:\/\/sigtuna.vansterpartiet.se\/?s={search_term_string}"},"query-input":{"@type":"PropertyValueSpecification","valueRequired":true,"valueName":"search_term_string"}}],"inLanguage":"sv-SE"}]}},"_links":{"self":[{"href":"https:\/\/sigtuna.vansterpartiet.se\/index.php?rest_route=\/wp\/v2\/pages\/786","targetHints":{"allow":["GET"]}}],"collection":[{"href":"https:\/\/sigtuna.vansterpartiet.se\/index.php?rest_route=\/wp\/v2\/pages"}],"about":[{"href":"https:\/\/sigtuna.vansterpartiet.se\/index.php?rest_route=\/wp\/v2\/types\/page"}],"author":[{"embeddable":true,"href":"https:\/\/sigtuna.vansterpartiet.se\/index.php?rest_route=\/wp\/v2\/users\/274"}],"replies":[{"embeddable":true,"href":"https:\/\/sigtuna.vansterpartiet.se\/index.php?rest_route=%2Fwp%2Fv2%2Fcomments&post=786"}],"version-history":[{"count":14,"href":"https:\/\/sigtuna.vansterpartiet.se\/index.php?rest_route=\/wp\/v2\/pages\/786\/revisions"}],"predecessor-version":[{"id":1251,"href":"https:\/\/sigtuna.vansterpartiet.se\/index.php?rest_route=\/wp\/v2\/pages\/786\/revisions\/1251"}],"wp:attachment":[{"href":"https:\/\/sigtuna.vansterpartiet.se\/index.php?rest_route=%2Fwp%2Fv2%2Fmedia&parent=786"}],"curies":[{"name":"wp","href":"https:\/\/api.w.org\/{rel}","templated":true}]}}