{"id":828,"date":"2018-06-20T21:21:33","date_gmt":"2018-06-20T19:21:33","guid":{"rendered":"https:\/\/sigtuna.vansterpartiet.se\/?page_id=828"},"modified":"2026-05-01T03:31:08","modified_gmt":"2026-05-01T01:31:08","slug":"tillsammans-for-en-battre-framtid","status":"publish","type":"page","link":"https:\/\/sigtuna.vansterpartiet.se\/","title":{"rendered":"Startsida"},"content":{"rendered":"<div>\n<p><span>V\u00e4nsterpartiet M\u00e4rsta-Sigtuna \u00e4r en lokal partif\u00f6rening som arbetar f\u00f6r ett j\u00e4mlikt, solidariskt och h\u00e5llbart samh\u00e4lle. Vi utg\u00e5r fr\u00e5n socialistiska, feministiska och ekologiska v\u00e4rderingar och driver politik som s\u00e4tter m\u00e4nniskors behov f\u00f6re vinstintressen.<\/span><\/p>\n<\/p>\n<p><strong>\u00c4r du med oss? Bli medlem idag.<\/strong><\/p>\n<\/div>\n<ul>\n<li>\n<p>\n        <a href=\"https:\/\/www.vansterpartiet.se\/bli-medlem\/\">Bli medlem<\/a>\n    <\/p>\n<\/li>\n<li>\n<p>\n        <a href=\"https:\/\/www.facebook.com\/VSigtunakommun\">V\u00e5r Facebook<\/a>\n    <\/p>\n<\/li>\n<li>\n<p>\n        <a href=\"https:\/\/www.instagram.com\/vsigtunakommun?igsh=MXhjb2dtbThkY21uYQ==\">V\u00e5r Instagram<\/a>\n    <\/p>\n<\/li>\n<\/ul>\n<ul>\n<li>\n<p>        <img decoding=\"async\" src=\"\/files\/2026\/04\/1B8BA9AA-EF8A-4FD6-9882-E1DEE9EC1275-1.jpeg\" alt=\"\"><\/p>\n<div>V\u00e5ra studenter betalar idag orimligt mycket f\u00f6r att kunna ta studenten. <\/p>\n<p>Studentpaket, m\u00f6ssa, flak, kl\u00e4der och firande kan tillsammans kosta tiotusentals kronor. F\u00f6retagen g\u00f6r stora vinster, medan elever och familjer f\u00e5r b\u00e4ra kostnaden.<\/p>\n<p>Idag k\u00e4nner m\u00e5nga unga sig utanf\u00f6r f\u00f6r att man inte har r\u00e5d att vara med fullt ut.<\/p>\n<p>F\u00f6r att fler ska kunna fira studenten p\u00e5 lika villkor vill V\u00e4nsterpartiet att kommunen arbetar f\u00f6r billigare studentm\u00f6ssor genom gemensam upphandling. N\u00e4r fler best\u00e4ller tillsammans kan priserna pressas ner.<\/p>\n<p>Studenten \u00e4r en dag f\u00f6r gemenskap \u2013 inte klasskillnader.<\/p>\n<p>Att f\u00e5 uppleva en av livets mest minnesv\u00e4rda dagar ska inte vara en pl\u00e5nboksfr\u00e5ga.\n<\/p><\/div>\n<p><a href=\"https:\/\/www.facebook.com\/share\/r\/18U9STtuLJ\/?mibextid=wwXIfr\">Klicka h\u00e4r f\u00f6r att se filmen<\/a><\/p>\n<\/li>\n<li>\n<p>        <img decoding=\"async\" src=\"\/files\/2026\/04\/IMG_4828.jpeg\" alt=\"\"><\/p>\n<h3>IMG_4828<\/h3>\n<div>\n<p>V\u00e5r ordf\u00f6rande Leo Ahmed bes\u00f6kte V\u00e4nsterpartiets kongress i \u00d6rebro tillsammans med N\u00e4tverket f\u00f6r ungdomar som hotas av ton\u00e5rsutvisning. D\u00e4r lyftes starka och ber\u00f6rande ber\u00e4ttelser fr\u00e5n ungdomarna som lever med hotet om utvisning! Foto: Agnes Stuber\u00a0<\/p>\n<\/div>\n<p><a href=\"https:\/\/youtu.be\/q96L_FfGgHo?feature=shared\">Klicka h\u00e4r f\u00f6r att se hela klippet<\/a><\/p>\n<\/li>\n<li>\n<p>        <img decoding=\"async\" src=\"\/files\/2026\/04\/DA3ACCF0-820C-45F5-8AAC-35489ABC5A66.png\" alt=\"\"><\/p>\n<p><img decoding=\"async\" src=\"\/files\/2026\/04\/DA3ACCF0-820C-45F5-8AAC-35489ABC5A66.png\" alt><\/p>\n<div>\n<p>#SigtunaKommunF\u00f6rAlla<\/p>\n<\/div>\n<p><a href=\"\/?p=1577\">Read more<\/a><\/p>\n<\/li>\n<li>\n<div>\n<p>R\u00f6sta p\u00e5 V\u00e4nsterpartiet<\/p>\n<\/div>\n<\/li>\n<\/ul>\n<div>\n<\/div>\n<div>\n<h3 class=\"uk-text-center\">Bli medlem i V\u00e4nsterpartiet<\/h3>\n<div class=\"uk-panel uk-text-large uk-text-emphasis uk-margin uk-width-2xlarge uk-margin-auto uk-text-center\">\n<p>Sverige beh\u00f6ver en ny riktning. Vi st\u00e5r inf\u00f6r stora utmaningar, och V\u00e4nsterpartiet \u00e4r beredda att leda f\u00f6r\u00e4ndringen. Tillsammans kan vi bygga en starkare v\u00e4lf\u00e4rd, en klimatomst\u00e4llning v\u00e4rd namnet och ett tryggare Sverige. <strong>\u00c4r du med oss? <\/strong><\/p>\n<\/div>\n<\/div>\n<p><p>\n        <a href=\"https:\/\/www.vansterpartiet.se\/bli-medlem\/\">&#x2665;&#xfe0f; Bli medlem nu!<\/a>\n    <\/p>\n<\/p>\n<p><!--more--><br \/>\n<!-- {\"type\":\"layout\",\"children\":[{\"type\":\"section\",\"props\":{\"image_position\":\"center-center\",\"padding_bottom\":\"small\",\"padding_top\":\"small\",\"style\":\"default\",\"title_breakpoint\":\"xl\",\"title_position\":\"top-left\",\"title_rotation\":\"left\",\"vertical_align\":\"middle\",\"width\":\"large\"},\"children\":[{\"type\":\"row\",\"children\":[{\"type\":\"column\",\"props\":{\"image_position\":\"center-center\",\"position_sticky_breakpoint\":\"m\"},\"children\":[{\"type\":\"text\",\"props\":{\"column_breakpoint\":\"m\",\"content\":\"\n\n<p><span>V\u00e4nsterpartiet M\u00e4rsta-Sigtuna \u00e4r en lokal partif\u00f6rening som arbetar f\u00f6r ett j\u00e4mlikt, solidariskt och h\u00e5llbart samh\u00e4lle. Vi utg\u00e5r fr\u00e5n socialistiska, feministiska och ekologiska v\u00e4rderingar och driver politik som s\u00e4tter m\u00e4nniskors behov f\u00f6re vinstintressen.<\/span><\/p>\n\n\\n<\/p>\n\n\\n\n\n<p><strong>\u00c4r du med oss? Bli medlem idag.<\/strong><\/p>\n\n\",\"margin_bottom\":\"default\",\"margin_top\":\"default\"}},{\"type\":\"button\",\"props\":{\"grid_column_gap\":\"small\",\"grid_row_gap\":\"small\",\"margin_bottom\":\"default\",\"margin_top\":\"default\"},\"children\":[{\"type\":\"button_item\",\"props\":{\"button_style\":\"primary\",\"content\":\"Bli medlem\",\"dialog_layout\":\"modal\",\"dialog_offcanvas_flip\":true,\"icon_align\":\"left\",\"link\":\"https:\/\/www.vansterpartiet.se\/bli-medlem\/\"}},{\"type\":\"button_item\",\"props\":{\"button_style\":\"primary\",\"content\":\"V\u00e5r Facebook\",\"dialog_layout\":\"modal\",\"dialog_offcanvas_flip\":true,\"icon\":\"facebook\",\"icon_align\":\"left\",\"link\":\"https:\/\/www.facebook.com\/VSigtunakommun\",\"link_target\":true}},{\"type\":\"button_item\",\"props\":{\"button_style\":\"primary\",\"content\":\"V\u00e5r Instagram\",\"dialog_layout\":\"modal\",\"dialog_offcanvas_flip\":true,\"icon\":\"instagram\",\"icon_align\":\"left\",\"link\":\"https:\/\/www.instagram.com\/vsigtunakommun?igsh=MXhjb2dtbThkY21uYQ==\",\"link_target\":true}}]},{\"type\":\"gallery\",\"props\":{\"filter_align\":\"left\",\"filter_all\":true,\"filter_grid_breakpoint\":\"m\",\"filter_grid_width\":\"auto\",\"filter_position\":\"top\",\"filter_style\":\"tab\",\"grid_default\":\"1\",\"grid_medium\":\"3\",\"item_animation\":true,\"lightbox_bg_close\":true,\"link_style\":\"default\",\"link_text\":\"Read more\",\"margin_bottom\":\"default\",\"margin_top\":\"default\",\"meta_align\":\"below-title\",\"meta_element\":\"div\",\"meta_style\":\"text-meta\",\"overlay_hover\":true,\"overlay_mode\":\"cover\",\"overlay_position\":\"center\",\"overlay_style\":\"overlay-primary\",\"overlay_transition\":\"fade\",\"show_content\":true,\"show_hover_image\":true,\"show_hover_video\":true,\"show_link\":true,\"show_meta\":false,\"show_title\":false,\"text_align\":\"center\",\"text_color\":\"light\",\"title_element\":\"h3\",\"title_hover_style\":\"reset\"},\"children\":[{\"type\":\"gallery_item\",\"props\":{\"content\":\"V\u00e5ra studenter betalar idag orimligt mycket f\u00f6r att kunna ta studenten. \\n\\nStudentpaket, m\u00f6ssa, flak, kl\u00e4der och firande kan tillsammans kosta tiotusentals kronor. F\u00f6retagen g\u00f6r stora vinster, medan elever och familjer f\u00e5r b\u00e4ra kostnaden.\\n\\nIdag k\u00e4nner m\u00e5nga unga sig utanf\u00f6r f\u00f6r att man inte har r\u00e5d att vara med fullt ut.\\n\\nF\u00f6r att fler ska kunna fira studenten p\u00e5 lika villkor vill V\u00e4nsterpartiet att kommunen arbetar f\u00f6r billigare studentm\u00f6ssor genom gemensam upphandling. N\u00e4r fler best\u00e4ller tillsammans kan priserna pressas ner.\\n\\nStudenten \u00e4r en dag f\u00f6r gemenskap \u2013 inte klasskillnader.\\n\\nAtt f\u00e5 uppleva en av livets mest minnesv\u00e4rda dagar ska inte vara en pl\u00e5nboksfr\u00e5ga. \\n\",\"image\":\"files\/2026\/04\/1B8BA9AA-EF8A-4FD6-9882-E1DEE9EC1275-1.jpeg\",\"link\":\"https:\/\/www.facebook.com\/share\/r\/18U9STtuLJ\/?mibextid=wwXIfr\",\"link_text\":\"Klicka h\u00e4r f\u00f6r att se filmen\"}},{\"type\":\"gallery_item\",\"props\":{\"content\":\"\n\n<p>V\u00e5r ordf\u00f6rande Leo Ahmed bes\u00f6kte V\u00e4nsterpartiets kongress i \u00d6rebro tillsammans med N\u00e4tverket f\u00f6r ungdomar som hotas av ton\u00e5rsutvisning. D\u00e4r lyftes starka och ber\u00f6rande ber\u00e4ttelser fr\u00e5n ungdomarna som lever med hotet om utvisning! Foto: Agnes Stuber\u00a0<\/p>\n\n\",\"image\":\"files\/2026\/04\/IMG_4828.jpeg\",\"link\":\"https:\/\/youtu.be\/q96L_FfGgHo?feature=shared\",\"link_text\":\"Klicka h\u00e4r f\u00f6r att se hela klippet\",\"title\":\"IMG_4828\"}},{\"type\":\"gallery_item\",\"props\":{\"content\":\"\n\n<p>#SigtunaKommunF\u00f6rAlla<\/p>\n\n\",\"hover_image\":\"files\/2026\/04\/DA3ACCF0-820C-45F5-8AAC-35489ABC5A66.png\",\"image\":\"files\/2026\/04\/DA3ACCF0-820C-45F5-8AAC-35489ABC5A66.png\",\"link\":\"?p=1577\"}},{\"type\":\"gallery_item\",\"props\":{\"content\":\"\n\n<p>R\u00f6sta p\u00e5 V\u00e4nsterpartiet<\/p>\n\n\",\"image\":\"\"}}]},{\"type\":\"grid\",\"props\":{\"content_column_breakpoint\":\"m\",\"filter_align\":\"left\",\"filter_all\":true,\"filter_grid_breakpoint\":\"m\",\"filter_grid_width\":\"auto\",\"filter_position\":\"top\",\"filter_style\":\"tab\",\"grid_column_gap\":\"medium\",\"grid_default\":\"1\",\"grid_medium\":\"3\",\"image_align\":\"top\",\"image_grid_breakpoint\":\"m\",\"image_grid_width\":\"1-2\",\"image_height\":360,\"image_svg_color\":\"emphasis\",\"image_width\":640,\"item_animation\":true,\"lightbox_bg_close\":true,\"link_style\":\"default\",\"link_text\":\"\",\"margin_bottom\":\"default\",\"margin_top\":\"default\",\"meta_align\":\"below-title\",\"meta_element\":\"div\",\"meta_style\":\"text-meta\",\"panel_link\":true,\"show_content\":true,\"show_hover_image\":true,\"show_hover_video\":true,\"show_image\":true,\"show_link\":true,\"show_meta\":true,\"show_title\":true,\"show_video\":true,\"title_align\":\"top\",\"title_element\":\"h3\",\"title_grid_breakpoint\":\"m\",\"title_grid_width\":\"1-2\",\"title_hover_style\":\"reset\"},\"children\":[{\"type\":\"grid_item\",\"source\":{\"query\":{\"name\":\"posts.customPosts\",\"arguments\":{\"terms\":[],\"category_operator\":\"IN\",\"post_tag_operator\":\"IN\",\"users\":[],\"users_operator\":\"IN\",\"date_range\":\"relative\",\"date_relative\":\"next\",\"date_relative_unit\":\"day\",\"date_relative_unit_this\":\"day\",\"offset\":0,\"limit\":6,\"order\":\"date\",\"order_direction\":\"DESC\"}},\"props\":{\"title\":{\"name\":\"title\"},\"content\":{\"arguments\":{\"show_excerpt\":true,\"show_content\":true},\"name\":\"teaser\",\"filters\":{\"preserve\":true,\"limit\":240}},\"image\":{\"name\":\"custom_image_url\"},\"link\":{\"name\":\"link\"}}}}]}]}]}],\"name\":\"NEWS\"},{\"type\":\"section\",\"props\":{\"image_position\":\"center-center\",\"style\":\"default\",\"title_breakpoint\":\"xl\",\"title_position\":\"top-left\",\"title_rotation\":\"left\",\"vertical_align\":\"middle\",\"width\":\"default\"},\"children\":[{\"type\":\"row\",\"children\":[{\"type\":\"column\",\"props\":{\"image_position\":\"center-center\",\"position_sticky_breakpoint\":\"m\"},\"children\":[{\"type\":\"text\",\"props\":{\"column_breakpoint\":\"m\",\"content\":\"\n\n<h3 class=\\\"uk-text-center\\\">Bli medlem i V\u00e4nsterpartiet<\/h3>\n\n\\n\n\n<div class=\\\"uk-panel uk-text-large uk-text-emphasis uk-margin uk-width-2xlarge uk-margin-auto uk-text-center\\\">\\n\n\n<p>Sverige beh\u00f6ver en ny riktning. Vi st\u00e5r inf\u00f6r stora utmaningar, och V\u00e4nsterpartiet \u00e4r beredda att leda f\u00f6r\u00e4ndringen. Tillsammans kan vi bygga en starkare v\u00e4lf\u00e4rd, en klimatomst\u00e4llning v\u00e4rd namnet och ett tryggare Sverige. <strong>\u00c4r du med oss? <\/strong><\/p>\n\n\\n<\/div>\n\n\",\"margin_bottom\":\"default\",\"margin_top\":\"default\"}},{\"type\":\"button\",\"props\":{\"grid_column_gap\":\"small\",\"grid_row_gap\":\"small\",\"margin_bottom\":\"default\",\"margin_top\":\"default\"},\"children\":[{\"type\":\"button_item\",\"props\":{\"button_style\":\"default\",\"content\":\"&#x2665;&#xfe0f; Bli medlem nu!\",\"dialog_layout\":\"modal\",\"dialog_offcanvas_flip\":true,\"icon_align\":\"left\",\"link\":\"https:\/\/www.vansterpartiet.se\/bli-medlem\/\",\"link_title\":\"&#x2665;&#xfe0f; Bli medlem !\"}}]},{\"type\":\"image\",\"props\":{\"image\":\"\",\"image_svg_color\":\"emphasis\",\"margin_bottom\":\"default\",\"margin_top\":\"default\"}},{\"type\":\"button\",\"props\":{\"grid_column_gap\":\"small\",\"grid_row_gap\":\"small\",\"margin_bottom\":\"default\",\"margin_top\":\"default\"},\"children\":[{\"type\":\"button_item\",\"props\":{\"button_style\":\"default\",\"dialog_layout\":\"modal\",\"dialog_offcanvas_flip\":true,\"icon_align\":\"left\",\"link\":\"https:\/\/www.vansterpartiet.se\/bli-medlem\/\"}}],\"name\":\"&#x2665;&#xfe0f; Bli medlem nu!\"}]}]}]}],\"version\":\"5.0.12\"} --><\/p>\n","protected":false},"excerpt":{"rendered":"<p>V\u00e4nsterpartiet M\u00e4rsta-Sigtuna \u00e4r en lokal partif\u00f6rening som arbetar f\u00f6r ett j\u00e4mlikt, solidariskt och h\u00e5llbart samh\u00e4lle. Vi utg\u00e5r fr\u00e5n socialistiska, feministiska och ekologiska v\u00e4rderingar och driver politik som s\u00e4tter m\u00e4nniskors behov [&hellip;]<\/p>\n","protected":false},"author":274,"featured_media":1479,"parent":0,"menu_order":0,"comment_status":"closed","ping_status":"closed","template":"","meta":{"_acf_changed":false,"footnotes":""},"class_list":["post-828","page","type-page","status-publish","has-post-thumbnail","hentry"],"acf":[],"yoast_head":"<!-- This site is optimized with the Yoast SEO plugin v27.4 - https:\/\/yoast.com\/product\/yoast-seo-wordpress\/ -->\n<title>V\u00e4nsterpartiet M\u00e4rsta-Sigtuna!<\/title>\n<meta name=\"description\" content=\"V\u00e4lkommen till V\u00e4nsterpartiet M\u00e4rsta-Sigtuna. L\u00e4s om v\u00e5ra senaste nyheter, evenemang och politiska initiativ f\u00f6r en r\u00e4ttvis och j\u00e4mlik framtid!\" \/>\n<meta name=\"robots\" content=\"index, follow, max-snippet:-1, max-image-preview:large, max-video-preview:-1\" \/>\n<link rel=\"canonical\" href=\"https:\/\/sigtuna.vansterpartiet.se\/\" \/>\n<meta property=\"og:locale\" content=\"sv_SE\" \/>\n<meta property=\"og:type\" content=\"article\" \/>\n<meta property=\"og:title\" content=\"V\u00e4nsterpartiet M\u00e4rsta-Sigtuna!\" \/>\n<meta property=\"og:description\" content=\"V\u00e4lkommen till V\u00e4nsterpartiet M\u00e4rsta-Sigtuna. L\u00e4s om v\u00e5ra senaste nyheter, evenemang och politiska initiativ f\u00f6r en r\u00e4ttvis och j\u00e4mlik framtid!\" \/>\n<meta property=\"og:url\" content=\"https:\/\/sigtuna.vansterpartiet.se\/\" \/>\n<meta property=\"og:site_name\" content=\"V\u00e4nsterpartiet M\u00e4rsta-Sigtuna\" \/>\n<meta property=\"article:modified_time\" content=\"2026-05-01T01:31:08+00:00\" \/>\n<meta property=\"og:image\" content=\"https:\/\/sigtuna.vansterpartiet.se\/files\/2026\/04\/FEBF5C5E-1305-41A3-9D20-D01C71A0B68F.jpeg\" \/>\n\t<meta property=\"og:image:width\" content=\"1033\" \/>\n\t<meta property=\"og:image:height\" content=\"1028\" \/>\n\t<meta property=\"og:image:type\" content=\"image\/jpeg\" \/>\n<meta name=\"twitter:card\" content=\"summary_large_image\" \/>\n<meta name=\"twitter:label1\" content=\"Ber\u00e4knad l\u00e4stid\" \/>\n\t<meta name=\"twitter:data1\" content=\"1 minut\" \/>\n<script type=\"application\/ld+json\" class=\"yoast-schema-graph\">{\"@context\":\"https:\\\/\\\/schema.org\",\"@graph\":[{\"@type\":\"WebPage\",\"@id\":\"https:\\\/\\\/sigtuna.vansterpartiet.se\\\/\",\"url\":\"https:\\\/\\\/sigtuna.vansterpartiet.se\\\/\",\"name\":\"V\u00e4nsterpartiet M\u00e4rsta-Sigtuna!\",\"isPartOf\":{\"@id\":\"https:\\\/\\\/sigtuna.vansterpartiet.se\\\/#website\"},\"primaryImageOfPage\":{\"@id\":\"https:\\\/\\\/sigtuna.vansterpartiet.se\\\/#primaryimage\"},\"image\":{\"@id\":\"https:\\\/\\\/sigtuna.vansterpartiet.se\\\/#primaryimage\"},\"thumbnailUrl\":\"https:\\\/\\\/sigtuna.vansterpartiet.se\\\/files\\\/2026\\\/04\\\/FEBF5C5E-1305-41A3-9D20-D01C71A0B68F.jpeg\",\"datePublished\":\"2018-06-20T19:21:33+00:00\",\"dateModified\":\"2026-05-01T01:31:08+00:00\",\"description\":\"V\u00e4lkommen till V\u00e4nsterpartiet M\u00e4rsta-Sigtuna. L\u00e4s om v\u00e5ra senaste nyheter, evenemang och politiska initiativ f\u00f6r en r\u00e4ttvis och j\u00e4mlik framtid!\",\"breadcrumb\":{\"@id\":\"https:\\\/\\\/sigtuna.vansterpartiet.se\\\/#breadcrumb\"},\"inLanguage\":\"sv-SE\",\"potentialAction\":[{\"@type\":\"ReadAction\",\"target\":[\"https:\\\/\\\/sigtuna.vansterpartiet.se\\\/\"]}]},{\"@type\":\"ImageObject\",\"inLanguage\":\"sv-SE\",\"@id\":\"https:\\\/\\\/sigtuna.vansterpartiet.se\\\/#primaryimage\",\"url\":\"https:\\\/\\\/sigtuna.vansterpartiet.se\\\/files\\\/2026\\\/04\\\/FEBF5C5E-1305-41A3-9D20-D01C71A0B68F.jpeg\",\"contentUrl\":\"https:\\\/\\\/sigtuna.vansterpartiet.se\\\/files\\\/2026\\\/04\\\/FEBF5C5E-1305-41A3-9D20-D01C71A0B68F.jpeg\",\"width\":1033,\"height\":1028},{\"@type\":\"BreadcrumbList\",\"@id\":\"https:\\\/\\\/sigtuna.vansterpartiet.se\\\/#breadcrumb\",\"itemListElement\":[{\"@type\":\"ListItem\",\"position\":1,\"name\":\"Hem\",\"item\":\"https:\\\/\\\/sigtuna.vansterpartiet.se\\\/\"},{\"@type\":\"ListItem\",\"position\":2,\"name\":\"Startsida\"}]},{\"@type\":\"WebSite\",\"@id\":\"https:\\\/\\\/sigtuna.vansterpartiet.se\\\/#website\",\"url\":\"https:\\\/\\\/sigtuna.vansterpartiet.se\\\/\",\"name\":\"V\u00e4nsterpartiet M\u00e4rsta-Sigtuna\",\"description\":\"#SigtunaKommunF\u00f6rAlla\",\"potentialAction\":[{\"@type\":\"SearchAction\",\"target\":{\"@type\":\"EntryPoint\",\"urlTemplate\":\"https:\\\/\\\/sigtuna.vansterpartiet.se\\\/?s={search_term_string}\"},\"query-input\":{\"@type\":\"PropertyValueSpecification\",\"valueRequired\":true,\"valueName\":\"search_term_string\"}}],\"inLanguage\":\"sv-SE\"}]}<\/script>\n<!-- \/ Yoast SEO plugin. -->","yoast_head_json":{"title":"V\u00e4nsterpartiet M\u00e4rsta-Sigtuna!","description":"V\u00e4lkommen till V\u00e4nsterpartiet M\u00e4rsta-Sigtuna. L\u00e4s om v\u00e5ra senaste nyheter, evenemang och politiska initiativ f\u00f6r en r\u00e4ttvis och j\u00e4mlik framtid!","robots":{"index":"index","follow":"follow","max-snippet":"max-snippet:-1","max-image-preview":"max-image-preview:large","max-video-preview":"max-video-preview:-1"},"canonical":"https:\/\/sigtuna.vansterpartiet.se\/","og_locale":"sv_SE","og_type":"article","og_title":"V\u00e4nsterpartiet M\u00e4rsta-Sigtuna!","og_description":"V\u00e4lkommen till V\u00e4nsterpartiet M\u00e4rsta-Sigtuna. L\u00e4s om v\u00e5ra senaste nyheter, evenemang och politiska initiativ f\u00f6r en r\u00e4ttvis och j\u00e4mlik framtid!","og_url":"https:\/\/sigtuna.vansterpartiet.se\/","og_site_name":"V\u00e4nsterpartiet M\u00e4rsta-Sigtuna","article_modified_time":"2026-05-01T01:31:08+00:00","og_image":[{"width":1033,"height":1028,"url":"https:\/\/sigtuna.vansterpartiet.se\/files\/2026\/04\/FEBF5C5E-1305-41A3-9D20-D01C71A0B68F.jpeg","type":"image\/jpeg"}],"twitter_card":"summary_large_image","twitter_misc":{"Ber\u00e4knad l\u00e4stid":"1 minut"},"schema":{"@context":"https:\/\/schema.org","@graph":[{"@type":"WebPage","@id":"https:\/\/sigtuna.vansterpartiet.se\/","url":"https:\/\/sigtuna.vansterpartiet.se\/","name":"V\u00e4nsterpartiet M\u00e4rsta-Sigtuna!","isPartOf":{"@id":"https:\/\/sigtuna.vansterpartiet.se\/#website"},"primaryImageOfPage":{"@id":"https:\/\/sigtuna.vansterpartiet.se\/#primaryimage"},"image":{"@id":"https:\/\/sigtuna.vansterpartiet.se\/#primaryimage"},"thumbnailUrl":"https:\/\/sigtuna.vansterpartiet.se\/files\/2026\/04\/FEBF5C5E-1305-41A3-9D20-D01C71A0B68F.jpeg","datePublished":"2018-06-20T19:21:33+00:00","dateModified":"2026-05-01T01:31:08+00:00","description":"V\u00e4lkommen till V\u00e4nsterpartiet M\u00e4rsta-Sigtuna. L\u00e4s om v\u00e5ra senaste nyheter, evenemang och politiska initiativ f\u00f6r en r\u00e4ttvis och j\u00e4mlik framtid!","breadcrumb":{"@id":"https:\/\/sigtuna.vansterpartiet.se\/#breadcrumb"},"inLanguage":"sv-SE","potentialAction":[{"@type":"ReadAction","target":["https:\/\/sigtuna.vansterpartiet.se\/"]}]},{"@type":"ImageObject","inLanguage":"sv-SE","@id":"https:\/\/sigtuna.vansterpartiet.se\/#primaryimage","url":"https:\/\/sigtuna.vansterpartiet.se\/files\/2026\/04\/FEBF5C5E-1305-41A3-9D20-D01C71A0B68F.jpeg","contentUrl":"https:\/\/sigtuna.vansterpartiet.se\/files\/2026\/04\/FEBF5C5E-1305-41A3-9D20-D01C71A0B68F.jpeg","width":1033,"height":1028},{"@type":"BreadcrumbList","@id":"https:\/\/sigtuna.vansterpartiet.se\/#breadcrumb","itemListElement":[{"@type":"ListItem","position":1,"name":"Hem","item":"https:\/\/sigtuna.vansterpartiet.se\/"},{"@type":"ListItem","position":2,"name":"Startsida"}]},{"@type":"WebSite","@id":"https:\/\/sigtuna.vansterpartiet.se\/#website","url":"https:\/\/sigtuna.vansterpartiet.se\/","name":"V\u00e4nsterpartiet M\u00e4rsta-Sigtuna","description":"#SigtunaKommunF\u00f6rAlla","potentialAction":[{"@type":"SearchAction","target":{"@type":"EntryPoint","urlTemplate":"https:\/\/sigtuna.vansterpartiet.se\/?s={search_term_string}"},"query-input":{"@type":"PropertyValueSpecification","valueRequired":true,"valueName":"search_term_string"}}],"inLanguage":"sv-SE"}]}},"_links":{"self":[{"href":"https:\/\/sigtuna.vansterpartiet.se\/index.php?rest_route=\/wp\/v2\/pages\/828","targetHints":{"allow":["GET"]}}],"collection":[{"href":"https:\/\/sigtuna.vansterpartiet.se\/index.php?rest_route=\/wp\/v2\/pages"}],"about":[{"href":"https:\/\/sigtuna.vansterpartiet.se\/index.php?rest_route=\/wp\/v2\/types\/page"}],"author":[{"embeddable":true,"href":"https:\/\/sigtuna.vansterpartiet.se\/index.php?rest_route=\/wp\/v2\/users\/274"}],"replies":[{"embeddable":true,"href":"https:\/\/sigtuna.vansterpartiet.se\/index.php?rest_route=%2Fwp%2Fv2%2Fcomments&post=828"}],"version-history":[{"count":92,"href":"https:\/\/sigtuna.vansterpartiet.se\/index.php?rest_route=\/wp\/v2\/pages\/828\/revisions"}],"predecessor-version":[{"id":1585,"href":"https:\/\/sigtuna.vansterpartiet.se\/index.php?rest_route=\/wp\/v2\/pages\/828\/revisions\/1585"}],"wp:featuredmedia":[{"embeddable":true,"href":"https:\/\/sigtuna.vansterpartiet.se\/index.php?rest_route=\/wp\/v2\/media\/1479"}],"wp:attachment":[{"href":"https:\/\/sigtuna.vansterpartiet.se\/index.php?rest_route=%2Fwp%2Fv2%2Fmedia&parent=828"}],"curies":[{"name":"wp","href":"https:\/\/api.w.org\/{rel}","templated":true}]}}